{"id":22,"date":"2016-04-23T18:23:05","date_gmt":"2016-04-23T16:23:05","guid":{"rendered":"http:\/\/www.barbarabeinsteiner.at\/?page_id=22"},"modified":"2021-08-06T10:44:12","modified_gmt":"2021-08-06T08:44:12","slug":"termine","status":"publish","type":"page","link":"https:\/\/www.barbarabeinsteiner.at\/index.php\/termine\/","title":{"rendered":"Termine"},"content":{"rendered":"<div id=\"wppb-builder-container\" class=\"wppb-builder-container\">                <div  class=\"wppb-row-parent  wppb-row-1768640325188 \"  >\n\t\t\t\t\t\n\t\t\t\t\t\t\t\t\t\t\n\t\t\t\t\t\t\t\t\t\t\n\t\t\t\t\t<div class=\"wppb-container \">\n\t\t\t\t\t\t\t\t\t\t\t\t\t\n                        <div class=\"wppb-row\">\n\t\t\t\t\t\t\t                                    <div  class=\"wppb-column-parent wppb-column-parent-view wppb-col-1768640325187  \"  >\n                                        <div class=\"wppb-column\">\n\t\t\t\t\t\n\t\t\t\t\t\t\t\t\t\t\t\n                                            <div class=\"wppb-builder-addons\">\n\t\t\t\t\t\t\t\t\t\t\t\t<div class='wppb-builder-addon wppb-addon-1768641446330'  data-addon-id='1768641446330'><div class='wppb-addon'><div class=\"wppb-text-block-addon\"><div class=\"wppb-text-block-content 0\"><h1><strong>Am Spinnrad ersponnen, am Webstuhl ersonnen, im Gmeiner Huus erz\u00e4hlt<\/strong><\/h1><h3>Freitag, 22. Mai 2026, Gmeiner Huus, Ludesch (Vbg)<\/h3><h3>Heike Vigl und Barbara Beinsteiner erz\u00e4hlen alte und neue Geschichten \u00fcber die Magie von textilem Handwerk, verwoben mit den Kl\u00e4ngen von Harfe und Fl\u00f6te<\/h3><div>Seit jeher pr\u00e4gt textile Handwerkskunst das menschliche Leben. Unz\u00e4hlige Geschichten, Mythen, M\u00e4rchen und Sagen ranken sich darum.\u00a0An diesem\u00a0Abend wirken die beiden Erz\u00e4hlerinnen ein einzigartiges Gewebe aus Worten, Musik und Gesang.\u00a0Sie erz\u00e4hlen\u00a0alte Geschichten vom Spinnen und Weben, von Wolle und Flachs, von Seide und<span style=\"font-family: Arial, sans-serif\"> dem Licht des Mondes und \u00fcberraschen euch mit neuen Erz\u00e4hlungen \u00fcber die Kraft der gewirkten Bilder, die unsere Welt pr\u00e4gen.\u00a0<\/span><\/div><div>\u00a0<\/div><\/div><\/div><\/div><\/div><div class='wppb-builder-addon wppb-addon-1768641885149'  data-addon-id='1768641885149'><div class='wppb-addon'><div class=\"wppb-addon wppb-button-addon\"><div class=\"wppb-button-addon-content\"><a  href=\"https:\/\/www.gmeinerhuus.at\/\" target=_blank class=\"wppb-btn-addons  wppb-btn-custom wppb-btn-round wppb-btn-large wppb-btn-no\">Zum Gmeiner Huus<\/a><\/div><\/div><\/div><\/div>                                            <\/div>\n                                        <\/div>\n                                    <\/div>\n\t\t\t\t\t\t\t\t\t                        <\/div>\n\n                    <\/div>\n                <\/div>\n\t\t\t\t                <div  class=\"wppb-row-parent  wppb-row-1773156796914 \"  >\n\t\t\t\t\t\n\t\t\t\t\t\t\t\t\t\t\n\t\t\t\t\t\t\t\t\t\t\n\t\t\t\t\t<div class=\"wppb-container \">\n\t\t\t\t\t\t\t\t\t\t\t\t\t\n                        <div class=\"wppb-row\">\n\t\t\t\t\t\t\t                                    <div  class=\"wppb-column-parent wppb-column-parent-view wppb-col-1773156796915  \"  >\n                                        <div class=\"wppb-column\">\n\t\t\t\t\t\n\t\t\t\t\t\t\t\t\t\t\t\n                                            <div class=\"wppb-builder-addons\">\n\t\t\t\t\t\t\t\t\t\t\t\t<div class='wppb-builder-addon wppb-addon-1773156796916'  data-addon-id='1773156796916'><div class='wppb-addon'><div class=\"wppb-text-block-addon\"><div class=\"wppb-text-block-content 0\"><h1><strong>Mut zur Wut - Wutkraftworkshop f\u00fcr Frauen<\/strong><\/h1><h3 class=\"font_5 wixui-rich-text__text\">Mehr Selbstbestimmung, Klarheit und Kraft f\u00fcr dein Leben.<\/h3><h3>Samstag, 13. Juni, 13 - 19 h<\/h3><p><strong>Eintritt freu!<\/strong><\/p><p>Dank Sponsoring von der Tiroler Versicherung<\/p><h3 class=\"font_5 wixui-rich-text__text\">\u00a0<\/h3><div id=\"comp-mlrsm9qr__item1\" class=\"MMl86N zQ9jDz qvSjx3 Vq6kJx comp-mlrsm9qr__item1 wixui-rich-text\" data-testid=\"richTextElement\"><p class=\"font_5 wixui-rich-text__text\"><strong><span class=\"wixui-rich-text__text\">Hier stimmt was nicht! sagt die Wut<\/span><\/strong><\/p><\/div><div id=\"comp-mlrsm9qt1__item1\" class=\"MMl86N zQ9jDz qvSjx3 Vq6kJx comp-mlrsm9qt1__item1 wixui-rich-text\" data-testid=\"richTextElement\"><p class=\"font_9 wixui-rich-text__text\"><span class=\"wixui-rich-text__text\">Die Wutkraft der Frauen ist eine transformative und oft untersch\u00e4tzte Energiequelle, die tief in den Erfahrungen und Emotionen von Frauen verwurzelt ist. Diese Kraft hat zwei Seiten: Die h\u00e4ufig assoziierte destruktive, die entsteht, wenn wir unsere Wut nicht bewusst leben, und die konstruktive Seite: Sie treibt Frauen dazu an, sich zu erheben, f\u00fcr ihre Rechte einzustehen und lebensfeindliche gesellschaftliche Systeme zu hinterfragen. <\/span><\/p><div class=\"TmK0x\"><div class=\"_FiCX\" role=\"listitem\"><div id=\"comp-mlru6o62__item1\" class=\"comp-mlru6o62__item1 YzqVVZ wixui-repeater__item\"><div class=\"\" data-mesh-id=\"comp-mlru6o62__item1inlineContent\" data-testid=\"inline-content\"><div data-mesh-id=\"comp-mlru6o62__item1inlineContent-gridContainer\" data-testid=\"mesh-container-content\"><div id=\"comp-mlru6o6t__item1\" class=\"ku3DBC zQ9jDz qvSjx3 Vq6kJx comp-mlru6o6t__item1 wixui-rich-text\" data-testid=\"richTextElement\"><p class=\"font_6 wixui-rich-text__text\">Ich hab kein Thema mit Wut. Ich werde nie w\u00fctend.\u00a0<\/p><\/div><\/div><\/div><\/div><\/div><div id=\"comp-mlru6o62__item-mlru9gyf\" class=\"comp-mlru6o62__item-mlru9gyf YzqVVZ wixui-repeater__item\"><div class=\"\" data-mesh-id=\"comp-mlru6o62__item-mlru9gyfinlineContent\" data-testid=\"inline-content\"><div data-mesh-id=\"comp-mlru6o62__item-mlru9gyfinlineContent-gridContainer\" data-testid=\"mesh-container-content\"><p id=\"comp-mlru6o6t__item-mlru9gyf\" class=\"ku3DBC zQ9jDz qvSjx3 Vq6kJx comp-mlru6o6t__item-mlru9gyf wixui-rich-text\" style=\"text-align: left\" data-testid=\"richTextElement\">Ich f\u00fchle mich irgendwie nicht ganz lebendig.\u00a0<\/p><p data-testid=\"richTextElement\">Ich bin lange nicht w\u00fctend und dann zucke ich aus und es tut mir leid.<\/p><p data-testid=\"richTextElement\">Ich m\u00f6chte im Kreis von Frauen neue Erfahrungen mit meinen Gef\u00fchlen sammeln.<\/p><p data-testid=\"richTextElement\">Ich werde traurig, wenn ich w\u00fctend bin.<\/p><p data-testid=\"richTextElement\">Ich sp\u00fcre meine Grenzen oft nicht.<\/p><\/div><\/div><\/div><\/div><div class=\"TmK0x\"><div id=\"comp-mlru6o62__item-kl0vve2v\" class=\"comp-mlru6o62__item-kl0vve2v YzqVVZ wixui-repeater__item\"><div class=\"\" data-mesh-id=\"comp-mlru6o62__item-kl0vve2vinlineContent\" data-testid=\"inline-content\"><div data-mesh-id=\"comp-mlru6o62__item-kl0vve2vinlineContent-gridContainer\" data-testid=\"mesh-container-content\"><div id=\"comp-mlru6o6t__item-kl0vve2v\" class=\"ku3DBC zQ9jDz qvSjx3 Vq6kJx comp-mlru6o6t__item-kl0vve2v wixui-rich-text\" data-testid=\"richTextElement\"><p class=\"font_6 wixui-rich-text__text\" style=\"text-align: left\">Ich sag oft JA, obwohl ich ein NEIN sp\u00fcre.\u00a0<\/p><\/div><\/div><\/div><\/div><div class=\"_FiCX\" role=\"listitem\"><div id=\"comp-mlru6o62__item-mlru9j8m\" class=\"comp-mlru6o62__item-mlru9j8m YzqVVZ wixui-repeater__item\"><div class=\"\" data-mesh-id=\"comp-mlru6o62__item-mlru9j8minlineContent\" data-testid=\"inline-content\"><div data-mesh-id=\"comp-mlru6o62__item-mlru9j8minlineContent-gridContainer\" data-testid=\"mesh-container-content\"><div id=\"comp-mlru6o6t__item-mlru9j8m\" class=\"ku3DBC zQ9jDz qvSjx3 Vq6kJx comp-mlru6o6t__item-mlru9j8m wixui-rich-text\" data-testid=\"richTextElement\"><p class=\"font_6 wixui-rich-text__text\">Ich lass mich nicht mehr kleinmachen.\u00a0<\/p><\/div><\/div><\/div><\/div><\/div><\/div><\/div><\/div><\/div><\/div><\/div>            <div  class=\"wppb-row-parent wppb-inner-row-parent wppb-row-1773156796917 \">\n\t\t\t\n\t\t\t\t\t\t\n\t\t\t\t<div class=\"wppb-container\">\n                    <div class=\"wppb-row\">\n\t\t\t\t\t\t                                <div  class=\"wppb-column-parent wppb-column-parent-view wppb-col-1773156796918  \" >\n                                    <div class=\"wppb-column\">\n                                        <div class=\"wppb-builder-addons\">\n\t\t\t\t\t\t\t\t\t\t\t<div  class='wppb-builder-addon wppb-addon-1773156796919   '   ><div class='wppb-inner_addon'><div class=\"wppb-addon wppb-button-addon\"><div class=\"wppb-button-addon-content\"><a  href=\"https:\/\/www.raumfuersein.at\/wutkraft\" target=_blank class=\"wppb-btn-addons  wppb-btn-custom wppb-btn-round wppb-btn-large wppb-btn-no\">Alle Infos und Anmeldung<\/a><\/div><\/div><\/div><\/div>                                        <\/div>\n                                    <\/div>\n                                <\/div>\n\t\t\t\t\t\t\t\t                    <\/div>\n                <\/div>\n            <\/div>\n\t\t\t                                            <\/div>\n                                        <\/div>\n                                    <\/div>\n\t\t\t\t\t\t\t\t\t                        <\/div>\n\n                    <\/div>\n                <\/div>\n\t\t\t\t                <div  class=\"wppb-row-parent  wppb-row-1768640325840 \"  >\n\t\t\t\t\t\n\t\t\t\t\t\t\t\t\t\t\n\t\t\t\t\t\t\t\t\t\t\n\t\t\t\t\t<div class=\"wppb-container \">\n\t\t\t\t\t\t\t\t\t\t\t\t\t\n                        <div class=\"wppb-row\">\n\t\t\t\t\t\t\t                                    <div  class=\"wppb-column-parent wppb-column-parent-view wppb-col-1768640325839  \"  >\n                                        <div class=\"wppb-column\">\n\t\t\t\t\t\n\t\t\t\t\t\t\t\t\t\t\t\n                                            <div class=\"wppb-builder-addons\">\n\t\t\t\t\t\t\t\t\t\t\t\t<div class='wppb-builder-addon wppb-addon-1768642124523'  data-addon-id='1768642124523'><div class='wppb-addon'><div class=\"wppb-text-block-addon\"><div class=\"wppb-text-block-content 0\"><h3>Hier sind sie:<\/h3><h1><strong>Die neuen Termine f\u00fcr Abenteuer Lagerfeuer!<\/strong><\/h1><h3><span style=\"color: #ff6600\">Heuer NEU: Abenteuer Wandelfeuer - Wandelgeschichten am Lagerfeuer f\u00fcr Erwachsene.<\/span><\/h3><p>Was, wenn Geschichten mehr sind als Unterhaltung?<br \/>Abenteuer Lagerfeuer goes next level: In einer Zeit der gro\u00dfen Umbr\u00fcche spielen die Geschichten, die wir erz\u00e4hlen eine viel bedeutendere Rolle, als wir meinen. Unsere Narrative pr\u00e4gen unsere Weltsicht, unser Verhalten und dadurch unsere Zukunft. Geschichtenerz\u00e4hlen hat eine zutiefst politische Dimension.<\/p><p>Und WIR WOLLEN EINE ZUKUNFT, AN DIE WIR WIEDER GLAUBEN K\u00d6NNEN!<\/p><p>Deshalb lade ich gemeinsam mit meiner congenialen Partnerin Martina Ertl - www.raumfuersein.at - zu einem ganz besonderen Abend ein:\u00a0 Wandelgeschichten am Lagerfeuer<\/p><p>Wir werden Geschichten lauschen, die uns neue Perspektiven er\u00f6ffnen und gemeinsam in einen von Martina achtsam moderierten Austausch gehen.<\/p><p>Keine Diskussion.<br \/>Kein Plauderst\u00fcndchen - <br \/>sondern tiefes Erforschen und Austauschen dessen, was in uns lebendig wird. Denn dort beginnt unsere Zukunft - und die Zukunft von uns allen.<\/p><h3>Freitag, 26. Juni 2026, 19.30 h\u00a0<\/h3><h3>ANMELDUNG UNBEDINGT ERFORDERLICH! F\u00fcr Erwachsene und junge Menschen ab 16 Jahren.<\/h3><\/div><\/div><\/div><\/div><div class='wppb-builder-addon wppb-addon-1776009261236'  data-addon-id='1776009261236'><div class='wppb-addon'><div class=\"wppb-addon wppb-button-addon\"><div class=\"wppb-button-addon-content\"><a  href=\"mailto:maerchen@barbarabeinsteiner.at\" target=_blank class=\"wppb-btn-addons  wppb-btn-custom wppb-btn-round wppb-btn-large wppb-btn-no\">Jetzt anmelden<\/a><\/div><\/div><\/div><\/div>                                            <\/div>\n                                        <\/div>\n                                    <\/div>\n\t\t\t\t\t\t\t\t\t                        <\/div>\n\n                    <\/div>\n                <\/div>\n\t\t\t\t                <div  class=\"wppb-row-parent  wppb-row-1776000004549 \"  >\n\t\t\t\t\t\n\t\t\t\t\t\t\t\t\t\t\n\t\t\t\t\t\t\t\t\t\t\n\t\t\t\t\t<div class=\"wppb-container \">\n\t\t\t\t\t\t\t\t\t\t\t\t\t\n                        <div class=\"wppb-row\">\n\t\t\t\t\t\t\t                                    <div  class=\"wppb-column-parent wppb-column-parent-view wppb-col-1776000004548  \"  >\n                                        <div class=\"wppb-column\">\n\t\t\t\t\t\n\t\t\t\t\t\t\t\t\t\t\t\n                                            <div class=\"wppb-builder-addons\">\n\t\t\t\t\t\t\t\t\t\t\t\t<div class='wppb-builder-addon wppb-addon-1776007430474'  data-addon-id='1776007430474'><div class='wppb-addon'><div class=\"wppb-text-block-addon\"><div class=\"wppb-text-block-content 0\"><h1><strong>Abenteuer Lagerfeuer <\/strong><\/h1><h3>nach alter Tradition: Geschichten am Lagerfeuer, Nagelsuppe aus dem Hexenkessel, selbstgebackenes Steckerlbrot.<\/h3><p>Samstag, 4. Juli -\u00a0 \u00a0 \u00a0Gl\u00fchw\u00fcrmchen<\/p><p>Freitag, 10. Juli -\u00a0 \u00a0 \u00a0 Zeugnisabend<\/p><p>Freitag, 24. Juli -\u00a0 \u00a0 \u00a0 Himbeeren<\/p><p>Freitag, 31. Juli -\u00a0 \u00a0 \u00a0 Grillenzirpen<\/p><p>Freitag, 7. August - Sternschnuppen<\/p><p>Ankommen ab 19 h, Beginn um 19.30 h, Dauer bis ca. 21.30 h<\/p><h3>F\u00fcr Familien mit Kindern ab 6 Jahren.<\/h3><\/div><\/div><\/div><\/div><div class='wppb-builder-addon wppb-addon-1776008571827'  data-addon-id='1776008571827'><div class='wppb-addon'><div class=\"wppb-addon wppb-button-addon\"><div class=\"wppb-button-addon-content\"><a  href=\"mailto:maerchen@barbarabeinsteiner.at\" target=_blank class=\"wppb-btn-addons  wppb-btn-custom wppb-btn-round wppb-btn-large wppb-btn-no\">Jetzt anmelden<\/a><\/div><\/div><\/div><\/div>                                            <\/div>\n                                        <\/div>\n                                    <\/div>\n\t\t\t\t\t\t\t\t\t                        <\/div>\n\n                    <\/div>\n                <\/div>\n\t\t\t\t                <div  class=\"wppb-row-parent  wppb-row-1679335733434 \"  >\n\t\t\t\t\t\n\t\t\t\t\t\t\t\t\t\t\n\t\t\t\t\t\t\t\t\t\t\n\t\t\t\t\t<div class=\"wppb-container \">\n\t\t\t\t\t\t\t\t\t\t\t\t\t\n                        <div class=\"wppb-row\">\n\t\t\t\t\t\t\t                                    <div  class=\"wppb-column-parent wppb-column-parent-view wppb-col-1679335733433  \"  >\n                                        <div class=\"wppb-column\">\n\t\t\t\t\t\n\t\t\t\t\t\t\t\t\t\t\t\n                                            <div class=\"wppb-builder-addons\">\n\t\t\t\t\t\t\t\t\t\t\t\t<div class='wppb-builder-addon wppb-addon-1679336017030'  data-addon-id='1679336017030'><div class='wppb-addon'><div class=\"wppb-text-block-addon\"><div class=\"wppb-text-block-content 0\"><h1><strong>Radio Freirad pr\u00e4sentiert:<\/strong><\/h1><p>Die Sendung <strong>PFLEGE diskursiv<\/strong> will Pflege in all ihren Facetten darstellen.<\/p><p>Pflege als Profession, Praxis, Wissenschaftsdisziplin, Politikum, Hightech-Job, Berufung, aber auch Alltag.<\/p><p>Die Sendung soll Geschichten erz\u00e4hlen und Fremdes vertraut machen. Wir wollen Wissen teilen, informieren und Gedanken und Meinungen unterschiedlichster Akteur*innen h\u00f6rbar machen.<\/p><p>Alexandra Welzenberger, Macherin dieser Sendung, interviewt mich live zur \"heilsamen Kraft des Erz\u00e4hlens\" und zum Projekt<span style=\"color: #800000\"><strong><a style=\"color: #800000\" href=\"https:\/\/www.m\u00e4rchengl\u00fcck-am-krankenbett.at\/\"> \"M\u00e4rchengl\u00fcck am Krankenbett\"<\/a><\/strong><\/span><\/p><\/div><\/div><\/div><\/div><div class='wppb-builder-addon wppb-addon-1743497053350'  data-addon-id='1743497053350'><div class='wppb-addon'><div class=\"wppb-addon wppb-button-addon\"><div class=\"wppb-button-addon-content\"><a  href=\"https:\/\/cba.media\/702459\" target=_blank class=\"wppb-btn-addons  wppb-btn-custom wppb-btn-round wppb-btn-large wppb-btn-no\">Sendung jetzt nachh\u00f6ren<\/a><\/div><\/div><\/div><\/div>                                            <\/div>\n                                        <\/div>\n                                    <\/div>\n\t\t\t\t\t\t\t\t\t                        <\/div>\n\n                    <\/div>\n                <\/div>\n\t\t\t\t                <div  class=\"wppb-row-parent  wppb-row-1688670777747 \"  >\n\t\t\t\t\t\n\t\t\t\t\t\t\t\t\t\t\n\t\t\t\t\t\t\t\t\t\t\n\t\t\t\t\t<div class=\"wppb-container \">\n\t\t\t\t\t\t\t\t\t\t\t\t\t\n                        <div class=\"wppb-row\">\n\t\t\t\t\t\t\t                                    <div  class=\"wppb-column-parent wppb-column-parent-view wppb-col-1688670777744  \"  >\n                                        <div class=\"wppb-column\">\n\t\t\t\t\t\n\t\t\t\t\t\t\t\t\t\t\t\n                                            <div class=\"wppb-builder-addons\">\n\t\t\t\t\t\t\t\t\t\t\t\t                                            <\/div>\n                                        <\/div>\n                                    <\/div>\n\t\t\t\t\t\t\t\t\t                                    <div  class=\"wppb-column-parent wppb-column-parent-view wppb-col-1688670777745  \"  >\n                                        <div class=\"wppb-column\">\n\t\t\t\t\t\n\t\t\t\t\t\t\t\t\t\t\t\n                                            <div class=\"wppb-builder-addons\">\n\t\t\t\t\t\t\t\t\t\t\t\t<div class='wppb-builder-addon wppb-addon-1688671066032'  data-addon-id='1688671066032'><div class='wppb-addon'><div class=\"wppb-text-block-addon\"><div class=\"wppb-text-block-content 0\"><p>\u00a0<\/p><p>Wo ich selbst die Veranstalterin bin, wird der Kulturpass anerkannt.<\/p><p>Bei anderen Veranstaltern (Museen, B\u00fcchereien, etc.) bitte direkt dort nachfragen.<\/p><\/div><\/div><\/div><\/div>                                            <\/div>\n                                        <\/div>\n                                    <\/div>\n\t\t\t\t\t\t\t\t\t                                    <div  class=\"wppb-column-parent wppb-column-parent-view wppb-col-1688670777746  \"  >\n                                        <div class=\"wppb-column\">\n\t\t\t\t\t\n\t\t\t\t\t\t\t\t\t\t\t\n                                            <div class=\"wppb-builder-addons\">\n\t\t\t\t\t\t\t\t\t\t\t\t<div class='wppb-builder-addon wppb-addon-1688671048507'  data-addon-id='1688671048507'><div class='wppb-addon'><div class=\"wppb-image-addon\"><figure class=\"wppb-image-addon-content-wrap\"><div class=\"wppb-image-addon-content wppb-imginlineblock\"><img decoding=\"async\" class=\"wppb-image-addon-img\" src=\"https:\/\/www.barbarabeinsteiner.at\/wp-content\/uploads\/2023\/07\/csm_hungerauf-logo_a79d73f084.png\" alt=\"Image\"><\/div><\/figure><\/div><\/div><\/div>                                            <\/div>\n                                        <\/div>\n                                    <\/div>\n\t\t\t\t\t\t\t\t\t                        <\/div>\n\n                    <\/div>\n                <\/div>\n\t\t\t\t<\/div>","protected":false},"excerpt":{"rendered":"<p>Am Spinnrad ersponnen, am Webstuhl ersonnen, im Gmeiner Huus erz\u00e4hltFreitag, 22. Mai 2026, Gmeiner Huus, Ludesch (Vbg)Heike Vigl und Barbara Beinsteiner erz\u00e4hlen alte und neue Geschichten \u00fcber die Magie von textilem Handwerk, verwoben mit den Kl\u00e4ngen von Harfe und Fl\u00f6teSeit jeher pr\u00e4gt textile Handwerkskunst das menschliche Leben. Unz\u00e4hlige Geschichten, Mythen, M\u00e4rchen und Sagen ranken sich [&hellip;]<\/p>\n","protected":false},"author":1,"featured_media":0,"parent":0,"menu_order":50,"comment_status":"closed","ping_status":"closed","template":"page-fullwidth.php","meta":{"footnotes":""},"class_list":["post-22","page","type-page","status-publish","hentry"],"aioseo_notices":[],"_links":{"self":[{"href":"https:\/\/www.barbarabeinsteiner.at\/index.php\/wp-json\/wp\/v2\/pages\/22","targetHints":{"allow":["GET"]}}],"collection":[{"href":"https:\/\/www.barbarabeinsteiner.at\/index.php\/wp-json\/wp\/v2\/pages"}],"about":[{"href":"https:\/\/www.barbarabeinsteiner.at\/index.php\/wp-json\/wp\/v2\/types\/page"}],"author":[{"embeddable":true,"href":"https:\/\/www.barbarabeinsteiner.at\/index.php\/wp-json\/wp\/v2\/users\/1"}],"replies":[{"embeddable":true,"href":"https:\/\/www.barbarabeinsteiner.at\/index.php\/wp-json\/wp\/v2\/comments?post=22"}],"version-history":[{"count":10,"href":"https:\/\/www.barbarabeinsteiner.at\/index.php\/wp-json\/wp\/v2\/pages\/22\/revisions"}],"predecessor-version":[{"id":578,"href":"https:\/\/www.barbarabeinsteiner.at\/index.php\/wp-json\/wp\/v2\/pages\/22\/revisions\/578"}],"wp:attachment":[{"href":"https:\/\/www.barbarabeinsteiner.at\/index.php\/wp-json\/wp\/v2\/media?parent=22"}],"curies":[{"name":"wp","href":"https:\/\/api.w.org\/{rel}","templated":true}]}}