{"id":25,"date":"2016-04-23T18:23:59","date_gmt":"2016-04-23T16:23:59","guid":{"rendered":"http:\/\/www.barbarabeinsteiner.at\/?page_id=25"},"modified":"2020-05-25T09:59:48","modified_gmt":"2020-05-25T07:59:48","slug":"kontakt","status":"publish","type":"page","link":"https:\/\/www.barbarabeinsteiner.at\/index.php\/kontakt\/","title":{"rendered":"Kontakt und Newsletter"},"content":{"rendered":"<div id=\"wppb-builder-container\" class=\"wppb-builder-container\">                <div  class=\"wppb-row-parent  wppb-row-1698949956340 \"  >\n\t\t\t\t\t\n\t\t\t\t\t\t\t\t\t\t\n\t\t\t\t\t\t\t\t\t\t\n\t\t\t\t\t<div class=\"wppb-container \">\n\t\t\t\t\t\t\t\t\t\t\t\t\t\n                        <div class=\"wppb-row\">\n\t\t\t\t\t\t\t                                    <div  class=\"wppb-column-parent wppb-column-parent-view wppb-col-1698949956338  \"  >\n                                        <div class=\"wppb-column\">\n\t\t\t\t\t\n\t\t\t\t\t\t\t\t\t\t\t\n                                            <div class=\"wppb-builder-addons\">\n\t\t\t\t\t\t\t\t\t\t\t\t<div class='wppb-builder-addon wppb-addon-1698949988960'  data-addon-id='1698949988960'><div class='wppb-addon'><div class=\"wppb-text-block-addon\"><div class=\"wppb-text-block-content 0\"><p>Barbara Beinsteiner,<br \/>Erz\u00e4hlen als heilsame Kunst<\/p><p>Galgenfeldstra\u00dfe 11,<br \/>Hall in Tirol, \u00d6sterreich<\/p><p>0043-699-11166921<\/p><p><a href=\"mailto:maerchen@barbarabeinsteiner.at\"><span style=\"color: #800000\">maerchen@barbarabeinsteiner.at<\/span><\/a><\/p><p>\u00a0<\/p><p>Berufsbezeichung:<br \/>Lebens- und Sozialberaterin lt Bescheid der BH Ibk, \u00d6sterreich<\/p><p>Aufsichtsbeh\u00f6rde:<br \/>BH Innsbruck<\/p><p>Kammer:<br \/>WKO, FG Personenberatung und Personenbetreuung<\/p><p>\u00a0<\/p><\/div><\/div><\/div><\/div>                                            <\/div>\n                                        <\/div>\n                                    <\/div>\n\t\t\t\t\t\t\t\t\t                                    <div  class=\"wppb-column-parent wppb-column-parent-view wppb-col-1698949956339  \"  >\n                                        <div class=\"wppb-column\">\n\t\t\t\t\t\n\t\t\t\t\t\t\t\t\t\t\t\n                                            <div class=\"wppb-builder-addons\">\n\t\t\t\t\t\t\t\t\t\t\t\t<div class='wppb-builder-addon wppb-addon-1698950088312'  data-addon-id='1698950088312'><div class='wppb-addon'><div class=\"wppb-addon wppb-button-addon\"><div class=\"wppb-button-addon-content\"><a  href=\"https:\/\/3c19ee9b.sibforms.com\/serve\/MUIFAE4dYUE8-TlX9ElolUcjm4a_DGmnxG4bYTZsQhT-VT0uWtoSnyZ-2vqwIfAqdO7tQTEBvlJZV6r6wQzhBqW_MM-d8-83cyB1_mkvWT_hZLlfoy3yvBY9JLbh0t973_VXZ017FfoXvwtwPLk_6R-jBoUyOQutyMGLJ5bec6fyj5_kEXModUQXskIogAO4D2T4hjjQGQV9ooEE\" target=_self class=\"wppb-btn-addons  wppb-btn-custom wppb-btn-round wppb-btn-large wppb-btn-no\">zum Newsletter anmelden<\/a><\/div><\/div><\/div><\/div>                                            <\/div>\n                                        <\/div>\n                                    <\/div>\n\t\t\t\t\t\t\t\t\t                        <\/div>\n\n                    <\/div>\n                <\/div>\n\t\t\t\t<\/div>","protected":false},"excerpt":{"rendered":"<p>Barbara Beinsteiner,Erz\u00e4hlen als heilsame KunstGalgenfeldstra\u00dfe 11,Hall in Tirol, \u00d6sterreich0043-699-11166921maerchen@barbarabeinsteiner.at\u00a0Berufsbezeichung:Lebens- und Sozialberaterin lt Bescheid der BH Ibk, \u00d6sterreichAufsichtsbeh\u00f6rde:BH InnsbruckKammer:WKO, FG Personenberatung und Personenbetreuung\u00a0 zum Newsletter anmelden<\/p>\n","protected":false},"author":1,"featured_media":0,"parent":0,"menu_order":60,"comment_status":"closed","ping_status":"closed","template":"page-fullwidth.php","meta":{"footnotes":""},"class_list":["post-25","page","type-page","status-publish","hentry"],"aioseo_notices":[],"_links":{"self":[{"href":"https:\/\/www.barbarabeinsteiner.at\/index.php\/wp-json\/wp\/v2\/pages\/25","targetHints":{"allow":["GET"]}}],"collection":[{"href":"https:\/\/www.barbarabeinsteiner.at\/index.php\/wp-json\/wp\/v2\/pages"}],"about":[{"href":"https:\/\/www.barbarabeinsteiner.at\/index.php\/wp-json\/wp\/v2\/types\/page"}],"author":[{"embeddable":true,"href":"https:\/\/www.barbarabeinsteiner.at\/index.php\/wp-json\/wp\/v2\/users\/1"}],"replies":[{"embeddable":true,"href":"https:\/\/www.barbarabeinsteiner.at\/index.php\/wp-json\/wp\/v2\/comments?post=25"}],"version-history":[{"count":10,"href":"https:\/\/www.barbarabeinsteiner.at\/index.php\/wp-json\/wp\/v2\/pages\/25\/revisions"}],"predecessor-version":[{"id":470,"href":"https:\/\/www.barbarabeinsteiner.at\/index.php\/wp-json\/wp\/v2\/pages\/25\/revisions\/470"}],"wp:attachment":[{"href":"https:\/\/www.barbarabeinsteiner.at\/index.php\/wp-json\/wp\/v2\/media?parent=25"}],"curies":[{"name":"wp","href":"https:\/\/api.w.org\/{rel}","templated":true}]}}