{"id":280,"date":"2020-05-15T12:25:37","date_gmt":"2020-05-15T10:25:37","guid":{"rendered":"https:\/\/www.barbarabeinsteiner.at\/index.php\/?page_id=280"},"modified":"2021-05-14T10:25:38","modified_gmt":"2021-05-14T08:25:38","slug":"maerchenmassagemusik","status":"publish","type":"page","link":"https:\/\/www.barbarabeinsteiner.at\/index.php\/maerchenmassagemusik\/","title":{"rendered":"M\u00e4rchenMassageMusik"},"content":{"rendered":"<div id=\"wppb-builder-container\" class=\"wppb-builder-container\">                <div  class=\"wppb-row-parent  wppb-row-1685647643621 \"  >\n\t\t\t\t\t\n\t\t\t\t\t\t\t\t\t\t\n\t\t\t\t\t\t\t\t\t\t\n\t\t\t\t\t<div class=\"wppb-container \">\n\t\t\t\t\t\t\t\t\t\t\t\t\t\n                        <div class=\"wppb-row\">\n\t\t\t\t\t\t\t                                    <div  class=\"wppb-column-parent wppb-column-parent-view wppb-col-1685647643620  \"  >\n                                        <div class=\"wppb-column\">\n\t\t\t\t\t\n\t\t\t\t\t\t\t\t\t\t\t\n                                            <div class=\"wppb-builder-addons\">\n\t\t\t\t\t\t\t\t\t\t\t\t<div class='wppb-builder-addon wppb-addon-1685647657942'  data-addon-id='1685647657942'><div class='wppb-addon'><div class=\"wppb-text-block-addon\"><div class=\"wppb-text-block-content 0\"><h2 class=\"western\">\u201eBer\u00fchrung mit Respekt \u00ae\u201c \u2013 eine Investition in die Zukunft.<\/h2><div id=\"content\" dir=\"LTR\"><div id=\"c1\" dir=\"LTR\"><p><i>Das Ziel der \u201eDeutschen Gesellschaft f\u00fcr Baby-und Kindermassage liegt darin,<br \/>liebevolle Ber\u00fchrung und Kommunikation zu f\u00f6rdern, damit sich Eltern und Kinder<br \/>in der ganzen Welt sch\u00e4tzen, lieben und respektvoll begegnen.<\/i><\/p><p><i>Dieses bindungsf\u00f6rdernde Konzept ist die Basis f\u00fcr eine Vielzahl<br \/>weltweit tragender Projekte zur Unterst\u00fctzung und Begleitung von Familien.<\/i><\/p><p><em>www.dgbm.de<\/em><\/p><\/div><\/div><p>Im Jahr 2018 begegneten sich die Kindermassagenausbildnerinnen Beate B\u00f6rner und Thordis Zwartyes und die M\u00e4rchenerz\u00e4hlerin Barbara Beinsteiner. Aus dieser Begegnung entstand ein neues Format der Kindermassage: Barbara erz\u00e4hlt zum Einstieg in die Massageeinheit ein traditionelles M\u00e4rchen aus ihrem N\u00e4hk\u00e4stchen. Dieses inspiriert die angeleitete Massage, die auf die Bilder des M\u00e4rchens Bezug nimmt und auf der Haut gesp\u00fcrt lebendig werden l\u00e4sst. Live im Raum werden zur Massage Harfenkl\u00e4nge gespielt, die uns dabei helfen, zur Ruhe zu kommen und einen fliegenden Teppich f\u00fcr unsere Tr\u00e4ume bilden.<\/p><p>Im M\u00e4rz 2019 wurde auf der Fachtagung der DGBM beschlossen, dass eine CD zu diesem Format produziert werden sollte.<\/p><p>In diesem kurzen Video wird ein erster Eindruck m\u00f6glich:<\/p><\/div><\/div><\/div><\/div>                                            <\/div>\n                                        <\/div>\n                                    <\/div>\n\t\t\t\t\t\t\t\t\t                        <\/div>\n\n                    <\/div>\n                <\/div>\n\t\t\t\t                <div  class=\"wppb-row-parent  wppb-row-1685647643679 \"  >\n\t\t\t\t\t\n\t\t\t\t\t\t\t\t\t\t\n\t\t\t\t\t\t\t\t\t\t\n\t\t\t\t\t<div class=\"wppb-container \">\n\t\t\t\t\t\t\t\t\t\t\t\t\t\n                        <div class=\"wppb-row\">\n\t\t\t\t\t\t\t                                    <div  class=\"wppb-column-parent wppb-column-parent-view wppb-col-1685647643678  \"  >\n                                        <div class=\"wppb-column\">\n\t\t\t\t\t\n\t\t\t\t\t\t\t\t\t\t\t\n                                            <div class=\"wppb-builder-addons\">\n\t\t\t\t\t\t\t\t\t\t\t\t<div class='wppb-builder-addon wppb-addon-1685647832162'  data-addon-id='1685647832162'><div class='wppb-addon'><div class=\"wppb-video-addon\"><div class=\"wppb-video-content\"><div class=\"wppb-video-block wppb-embed-responsive wppb-embed-responsive-16by9\"><iframe class=\"wppb-embed-responsive-item\" src=\"\/\/www.youtube.com\/embed\/6hZEIKnszjQ?controls=1&#038;modestbranding=1\" allowFullScreen><\/iframe><\/div><\/div><\/div><\/div><\/div>                                            <\/div>\n                                        <\/div>\n                                    <\/div>\n\t\t\t\t\t\t\t\t\t                        <\/div>\n\n                    <\/div>\n                <\/div>\n\t\t\t\t<\/div>","protected":false},"excerpt":{"rendered":"<p>\u201eBer\u00fchrung mit Respekt \u00ae\u201c \u2013 eine Investition in die Zukunft.Das Ziel der \u201eDeutschen Gesellschaft f\u00fcr Baby-und Kindermassage liegt darin,liebevolle Ber\u00fchrung und Kommunikation zu f\u00f6rdern, damit sich Eltern und Kinderin der ganzen Welt sch\u00e4tzen, lieben und respektvoll begegnen.Dieses bindungsf\u00f6rdernde Konzept ist die Basis f\u00fcr eine Vielzahlweltweit tragender Projekte zur Unterst\u00fctzung und Begleitung von Familien.www.dgbm.deIm Jahr 2018 [&hellip;]<\/p>\n","protected":false},"author":1,"featured_media":0,"parent":0,"menu_order":40,"comment_status":"closed","ping_status":"closed","template":"","meta":{"footnotes":""},"class_list":["post-280","page","type-page","status-publish","hentry"],"aioseo_notices":[],"_links":{"self":[{"href":"https:\/\/www.barbarabeinsteiner.at\/index.php\/wp-json\/wp\/v2\/pages\/280","targetHints":{"allow":["GET"]}}],"collection":[{"href":"https:\/\/www.barbarabeinsteiner.at\/index.php\/wp-json\/wp\/v2\/pages"}],"about":[{"href":"https:\/\/www.barbarabeinsteiner.at\/index.php\/wp-json\/wp\/v2\/types\/page"}],"author":[{"embeddable":true,"href":"https:\/\/www.barbarabeinsteiner.at\/index.php\/wp-json\/wp\/v2\/users\/1"}],"replies":[{"embeddable":true,"href":"https:\/\/www.barbarabeinsteiner.at\/index.php\/wp-json\/wp\/v2\/comments?post=280"}],"version-history":[{"count":10,"href":"https:\/\/www.barbarabeinsteiner.at\/index.php\/wp-json\/wp\/v2\/pages\/280\/revisions"}],"predecessor-version":[{"id":489,"href":"https:\/\/www.barbarabeinsteiner.at\/index.php\/wp-json\/wp\/v2\/pages\/280\/revisions\/489"}],"wp:attachment":[{"href":"https:\/\/www.barbarabeinsteiner.at\/index.php\/wp-json\/wp\/v2\/media?parent=280"}],"curies":[{"name":"wp","href":"https:\/\/api.w.org\/{rel}","templated":true}]}}