{"id":440,"date":"2016-05-15T19:02:19","date_gmt":"2016-05-15T17:02:19","guid":{"rendered":"https:\/\/www.barbarabeinsteiner.at\/index.php\/?page_id=440"},"modified":"2025-06-09T21:13:16","modified_gmt":"2025-06-09T19:13:16","slug":"geschichtengeschenke","status":"publish","type":"page","link":"https:\/\/www.barbarabeinsteiner.at\/index.php\/geschichtengeschenke\/","title":{"rendered":"Geschichtengeschenke"},"content":{"rendered":"<div id=\"wppb-builder-container\" class=\"wppb-builder-container\">                <div  class=\"wppb-row-parent  wppb-row-1708078960426 \"  >\n\t\t\t\t\t\n\t\t\t\t\t\t\t\t\t\t\n\t\t\t\t\t\t\t\t\t\t\n\t\t\t\t\t<div class=\"wppb-container \">\n\t\t\t\t\t\t\t\t\t\t\t\t\t\n                        <div class=\"wppb-row\">\n\t\t\t\t\t\t\t                                    <div  class=\"wppb-column-parent wppb-column-parent-view wppb-col-1708078960425  \"  >\n                                        <div class=\"wppb-column\">\n\t\t\t\t\t\n\t\t\t\t\t\t\t\t\t\t\t\n                                            <div class=\"wppb-builder-addons\">\n\t\t\t\t\t\t\t\t\t\t\t\t<div class='wppb-builder-addon wppb-addon-1708079679027'  data-addon-id='1708079679027'><div class='wppb-addon'><div class=\"wppb-headline-addon\"><div class=\"wppb-headline-content\"><h3 class=\"wppb-addon-title\">Willkommen auf der Seite der Geschichtengeschenke!<\/h3><\/div><\/div><\/div><\/div>                                            <\/div>\n                                        <\/div>\n                                    <\/div>\n\t\t\t\t\t\t\t\t\t                        <\/div>\n\n                    <\/div>\n                <\/div>\n\t\t\t\t                <div  class=\"wppb-row-parent  wppb-row-1708078614480 \"  >\n\t\t\t\t\t\n\t\t\t\t\t\t\t\t\t\t\n\t\t\t\t\t\t\t\t\t\t\n\t\t\t\t\t<div class=\"wppb-container \">\n\t\t\t\t\t\t\t\t\t\t\t\t\t\n                        <div class=\"wppb-row\">\n\t\t\t\t\t\t\t                                    <div  class=\"wppb-column-parent wppb-column-parent-view wppb-col-1708078614479  \"  >\n                                        <div class=\"wppb-column\">\n\t\t\t\t\t\n\t\t\t\t\t\t\t\t\t\t\t\n                                            <div class=\"wppb-builder-addons\">\n\t\t\t\t\t\t\t\t\t\t\t\t<div class='wppb-builder-addon wppb-addon-1708078655324'  data-addon-id='1708078655324'><div class='wppb-addon'><div class=\"wppb-text-block-addon\"><div class=\"wppb-text-block-content 0\"><h4><strong>Mein Geschenk im M\u00e4rz 2024<\/strong><\/h4><p>Anl\u00e4sslich des Weltgeschichtentags 2024 ver\u00f6ffentliche ich hier das erste M\u00e4rchengeschenk: Es ist eine Geschichte, die ich im Bachbett erlauscht habe und dir voll Freude weitererz\u00e4hle:<\/p><\/div><\/div><\/div><\/div>            <div  class=\"wppb-row-parent wppb-inner-row-parent wppb-row-1708080849707 \">\n\t\t\t\n\t\t\t\t\t\t\n\t\t\t\t<div class=\"wppb-container\">\n                    <div class=\"wppb-row\">\n\t\t\t\t\t\t                                <div  class=\"wppb-column-parent wppb-column-parent-view wppb-col-1708080849708  \" >\n                                    <div class=\"wppb-column\">\n                                        <div class=\"wppb-builder-addons\">\n\t\t\t\t\t\t\t\t\t\t\t<div  class='wppb-builder-addon wppb-addon-1708080886445   '   ><div class='wppb-inner_addon'><div class=\"wppb-addon wppb-button-addon\"><div class=\"wppb-button-addon-content\"><a  href=\"https:\/\/www.barbarabeinsteiner.at\/geschichtengeschenke\/riesen\/\" target=_blank class=\"wppb-btn-addons  wppb-btn-custom wppb-btn-round wppb-btn-large wppb-btn-no\">Riese Gro\u00df und Riese Stark<\/a><\/div><\/div><\/div><\/div>                                        <\/div>\n                                    <\/div>\n                                <\/div>\n\t\t\t\t\t\t\t\t                    <\/div>\n                <\/div>\n            <\/div>\n\t\t\t                                            <\/div>\n                                        <\/div>\n                                    <\/div>\n\t\t\t\t\t\t\t\t\t                        <\/div>\n\n                    <\/div>\n                <\/div>\n\t\t\t\t                <div  class=\"wppb-row-parent  wppb-row-1719642753789 \"  >\n\t\t\t\t\t\n\t\t\t\t\t\t\t\t\t\t\n\t\t\t\t\t\t\t\t\t\t\n\t\t\t\t\t<div class=\"wppb-container \">\n\t\t\t\t\t\t\t\t\t\t\t\t\t\n                        <div class=\"wppb-row\">\n\t\t\t\t\t\t\t                                    <div  class=\"wppb-column-parent wppb-column-parent-view wppb-col-1719642753790  \"  >\n                                        <div class=\"wppb-column\">\n\t\t\t\t\t\n\t\t\t\t\t\t\t\t\t\t\t\n                                            <div class=\"wppb-builder-addons\">\n\t\t\t\t\t\t\t\t\t\t\t\t<div class='wppb-builder-addon wppb-addon-1719642753791'  data-addon-id='1719642753791'><div class='wppb-addon'><div class=\"wppb-text-block-addon\"><div class=\"wppb-text-block-content 0\"><h4><strong>Mein Geschenk im Dezember 2023<\/strong><\/h4><p>Eine Wintergeschichte voll Schmerz und Vers\u00f6hnung. <\/p><\/div><\/div><\/div><\/div>            <div  class=\"wppb-row-parent wppb-inner-row-parent wppb-row-1719642753792 \">\n\t\t\t\n\t\t\t\t\t\t\n\t\t\t\t<div class=\"wppb-container\">\n                    <div class=\"wppb-row\">\n\t\t\t\t\t\t                                <div  class=\"wppb-column-parent wppb-column-parent-view wppb-col-1719642753793  \" >\n                                    <div class=\"wppb-column\">\n                                        <div class=\"wppb-builder-addons\">\n\t\t\t\t\t\t\t\t\t\t\t<div  class='wppb-builder-addon wppb-addon-1719642753794   '   ><div class='wppb-inner_addon'><div class=\"wppb-addon wppb-button-addon\"><div class=\"wppb-button-addon-content\"><a  href=\"https:\/\/youtu.be\/2ZpyjgWz_SE\" target=_blank class=\"wppb-btn-addons  wppb-btn-custom wppb-btn-round wppb-btn-large wppb-btn-no\">Winterrose Weihnachten 2023<\/a><\/div><\/div><\/div><\/div>                                        <\/div>\n                                    <\/div>\n                                <\/div>\n\t\t\t\t\t\t\t\t                    <\/div>\n                <\/div>\n            <\/div>\n\t\t\t                                            <\/div>\n                                        <\/div>\n                                    <\/div>\n\t\t\t\t\t\t\t\t\t                        <\/div>\n\n                    <\/div>\n                <\/div>\n\t\t\t\t                <div  class=\"wppb-row-parent  wppb-row-1712658669797 \"  >\n\t\t\t\t\t\n\t\t\t\t\t\t\t\t\t\t\n\t\t\t\t\t\t\t\t\t\t\n\t\t\t\t\t<div class=\"wppb-container \">\n\t\t\t\t\t\t\t\t\t\t\t\t\t\n                        <div class=\"wppb-row\">\n\t\t\t\t\t\t\t                                    <div  class=\"wppb-column-parent wppb-column-parent-view wppb-col-1712658669796  \"  >\n                                        <div class=\"wppb-column\">\n\t\t\t\t\t\n\t\t\t\t\t\t\t\t\t\t\t\n                                            <div class=\"wppb-builder-addons\">\n\t\t\t\t\t\t\t\t\t\t\t\t<div class='wppb-builder-addon wppb-addon-1712658689616'  data-addon-id='1712658689616'><div class='wppb-addon'><div class=\"wppb-text-block-addon\"><div class=\"wppb-text-block-content 0\"><h4><strong>Mein Geschenk im April 2024<\/strong><\/h4><p>Hier h\u00f6rst du die allerk\u00fcrzeste Geschichte - und lebst danach gl\u00fccklich f\u00fcr alle Zeit!<\/p><\/div><\/div><\/div><\/div>            <div  class=\"wppb-row-parent wppb-inner-row-parent wppb-row-1712658669958 \">\n\t\t\t\n\t\t\t\t\t\t\n\t\t\t\t<div class=\"wppb-container\">\n                    <div class=\"wppb-row\">\n\t\t\t\t\t\t                                <div  class=\"wppb-column-parent wppb-column-parent-view wppb-col-1712658669959  \" >\n                                    <div class=\"wppb-column\">\n                                        <div class=\"wppb-builder-addons\">\n\t\t\t\t\t\t\t\t\t\t\t<div  class='wppb-builder-addon wppb-addon-1712658736487   '   ><div class='wppb-inner_addon'><div class=\"wppb-addon wppb-button-addon\"><div class=\"wppb-button-addon-content\"><a  href=\"https:\/\/youtu.be\/dU3hRmc7mDw\" target=_blank class=\"wppb-btn-addons  wppb-btn-custom wppb-btn-round wppb-btn-large wppb-btn-no\">DEINE Geschichte (1 min)<\/a><\/div><\/div><\/div><\/div>                                        <\/div>\n                                    <\/div>\n                                <\/div>\n\t\t\t\t\t\t\t\t                    <\/div>\n                <\/div>\n            <\/div>\n\t\t\t                                            <\/div>\n                                        <\/div>\n                                    <\/div>\n\t\t\t\t\t\t\t\t\t                        <\/div>\n\n                    <\/div>\n                <\/div>\n\t\t\t\t                <div  class=\"wppb-row-parent  wppb-row-1733774856646 \"  >\n\t\t\t\t\t\n\t\t\t\t\t\t\t\t\t\t\n\t\t\t\t\t\t\t\t\t\t\n\t\t\t\t\t<div class=\"wppb-container \">\n\t\t\t\t\t\t\t\t\t\t\t\t\t\n                        <div class=\"wppb-row\">\n\t\t\t\t\t\t\t                                    <div  class=\"wppb-column-parent wppb-column-parent-view wppb-col-1733774856645  \"  >\n                                        <div class=\"wppb-column\">\n\t\t\t\t\t\n\t\t\t\t\t\t\t\t\t\t\t\n                                            <div class=\"wppb-builder-addons\">\n\t\t\t\t\t\t\t\t\t\t\t\t<div class='wppb-builder-addon wppb-addon-1733774912267'  data-addon-id='1733774912267'><div class='wppb-addon'><div class=\"wppb-text-block-addon\"><div class=\"wppb-text-block-content 0\"><h4><strong>Mein Geschenk im Dezember 2024<\/strong><\/h4><p>\u00dcber die Macht der Geschichten und die Kraft der Sehnsucht. \u00dcber die Verbindung der leuchtenden Herzen und die Br\u00fccken aus Licht. <\/p><\/div><\/div><\/div><\/div>            <div  class=\"wppb-row-parent wppb-inner-row-parent wppb-row-1733774856795 \">\n\t\t\t\n\t\t\t\t\t\t\n\t\t\t\t<div class=\"wppb-container\">\n                    <div class=\"wppb-row\">\n\t\t\t\t\t\t                                <div  class=\"wppb-column-parent wppb-column-parent-view wppb-col-1733774856796  \" >\n                                    <div class=\"wppb-column\">\n                                        <div class=\"wppb-builder-addons\">\n\t\t\t\t\t\t\t\t\t\t\t<div  class='wppb-builder-addon wppb-addon-1733775015340   '   ><div class='wppb-inner_addon'><div class=\"wppb-addon wppb-button-addon\"><div class=\"wppb-button-addon-content\"><a  href=\"https:\/\/youtu.be\/xxrxoSmuH1o\" target=_blank class=\"wppb-btn-addons  wppb-btn-custom wppb-btn-round wppb-btn-large wppb-btn-no\">Lichterbr\u00fccken - Weihnachten 2024<\/a><\/div><\/div><\/div><\/div>                                        <\/div>\n                                    <\/div>\n                                <\/div>\n\t\t\t\t\t\t\t\t                    <\/div>\n                <\/div>\n            <\/div>\n\t\t\t                                            <\/div>\n                                        <\/div>\n                                    <\/div>\n\t\t\t\t\t\t\t\t\t                        <\/div>\n\n                    <\/div>\n                <\/div>\n\t\t\t\t                <div  class=\"wppb-row-parent  wppb-row-1738959157141 \"  >\n\t\t\t\t\t\n\t\t\t\t\t\t\t\t\t\t\n\t\t\t\t\t\t\t\t\t\t\n\t\t\t\t\t<div class=\"wppb-container \">\n\t\t\t\t\t\t\t\t\t\t\t\t\t\n                        <div class=\"wppb-row\">\n\t\t\t\t\t\t\t                                    <div  class=\"wppb-column-parent wppb-column-parent-view wppb-col-1738959157142  \"  >\n                                        <div class=\"wppb-column\">\n\t\t\t\t\t\n\t\t\t\t\t\t\t\t\t\t\t\n                                            <div class=\"wppb-builder-addons\">\n\t\t\t\t\t\t\t\t\t\t\t\t<div class='wppb-builder-addon wppb-addon-1738959157143'  data-addon-id='1738959157143'><div class='wppb-addon'><div class=\"wppb-text-block-addon\"><div class=\"wppb-text-block-content 0\"><h4><strong>Mein Geschenk im J\u00e4nner 2025<\/strong><\/h4><p>Eine Geschichte \u00fcber die Freiheit. Wie leicht wir sie verlieren und wie schwer sie zur\u00fcckzugewinnen ist. <\/p><\/div><\/div><\/div><\/div>            <div  class=\"wppb-row-parent wppb-inner-row-parent wppb-row-1738959157144 \">\n\t\t\t\n\t\t\t\t\t\t\n\t\t\t\t<div class=\"wppb-container\">\n                    <div class=\"wppb-row\">\n\t\t\t\t\t\t                                <div  class=\"wppb-column-parent wppb-column-parent-view wppb-col-1738959157145  \" >\n                                    <div class=\"wppb-column\">\n                                        <div class=\"wppb-builder-addons\">\n\t\t\t\t\t\t\t\t\t\t\t<div  class='wppb-builder-addon wppb-addon-1738959157146   '   ><div class='wppb-inner_addon'><div class=\"wppb-addon wppb-button-addon\"><div class=\"wppb-button-addon-content\"><a  href=\"https:\/\/youtu.be\/Z151SrTLQGc\" target=_blank class=\"wppb-btn-addons  wppb-btn-custom wppb-btn-round wppb-btn-large wppb-btn-no\">Die Befreiung der alten B\u00e4rin<\/a><\/div><\/div><\/div><\/div>                                        <\/div>\n                                    <\/div>\n                                <\/div>\n\t\t\t\t\t\t\t\t                    <\/div>\n                <\/div>\n            <\/div>\n\t\t\t                                            <\/div>\n                                        <\/div>\n                                    <\/div>\n\t\t\t\t\t\t\t\t\t                        <\/div>\n\n                    <\/div>\n                <\/div>\n\t\t\t\t                <div  class=\"wppb-row-parent  wppb-row-1739866852638 \"  >\n\t\t\t\t\t\n\t\t\t\t\t\t\t\t\t\t\n\t\t\t\t\t\t\t\t\t\t\n\t\t\t\t\t<div class=\"wppb-container \">\n\t\t\t\t\t\t\t\t\t\t\t\t\t\n                        <div class=\"wppb-row\">\n\t\t\t\t\t\t\t                                    <div  class=\"wppb-column-parent wppb-column-parent-view wppb-col-1739866852639  \"  >\n                                        <div class=\"wppb-column\">\n\t\t\t\t\t\n\t\t\t\t\t\t\t\t\t\t\t\n                                            <div class=\"wppb-builder-addons\">\n\t\t\t\t\t\t\t\t\t\t\t\t<div class='wppb-builder-addon wppb-addon-1739866852640'  data-addon-id='1739866852640'><div class='wppb-addon'><div class=\"wppb-text-block-addon\"><div class=\"wppb-text-block-content 0\"><h4><strong>Mein Geschenk im Februar 2025<\/strong><\/h4><p>Eine kurze Geschichte \u00fcber den Wettlauf mit der Zeit -<\/p><\/div><\/div><\/div><\/div>            <div  class=\"wppb-row-parent wppb-inner-row-parent wppb-row-1739866852641 \">\n\t\t\t\n\t\t\t\t\t\t\n\t\t\t\t<div class=\"wppb-container\">\n                    <div class=\"wppb-row\">\n\t\t\t\t\t\t                                <div  class=\"wppb-column-parent wppb-column-parent-view wppb-col-1739866852642  \" >\n                                    <div class=\"wppb-column\">\n                                        <div class=\"wppb-builder-addons\">\n\t\t\t\t\t\t\t\t\t\t\t<div  class='wppb-builder-addon wppb-addon-1739866852643   '   ><div class='wppb-inner_addon'><div class=\"wppb-addon wppb-button-addon\"><div class=\"wppb-button-addon-content\"><a  href=\"https:\/\/www.barbarabeinsteiner.at\/geschichtengeschenke\/gewonnene-zeit\/\" target=_blank class=\"wppb-btn-addons  wppb-btn-custom wppb-btn-round wppb-btn-large wppb-btn-no\">Gewonnene Zeit<\/a><\/div><\/div><\/div><\/div>                                        <\/div>\n                                    <\/div>\n                                <\/div>\n\t\t\t\t\t\t\t\t                    <\/div>\n                <\/div>\n            <\/div>\n\t\t\t                                            <\/div>\n                                        <\/div>\n                                    <\/div>\n\t\t\t\t\t\t\t\t\t                        <\/div>\n\n                    <\/div>\n                <\/div>\n\t\t\t\t                <div  class=\"wppb-row-parent  wppb-row-1739866852912 \"  >\n\t\t\t\t\t\n\t\t\t\t\t\t\t\t\t\t\n\t\t\t\t\t\t\t\t\t\t\n\t\t\t\t\t<div class=\"wppb-container \">\n\t\t\t\t\t\t\t\t\t\t\t\t\t\n                        <div class=\"wppb-row\">\n\t\t\t\t\t\t\t                                    <div  class=\"wppb-column-parent wppb-column-parent-view wppb-col-1739866852913  \"  >\n                                        <div class=\"wppb-column\">\n\t\t\t\t\t\n\t\t\t\t\t\t\t\t\t\t\t\n                                            <div class=\"wppb-builder-addons\">\n\t\t\t\t\t\t\t\t\t\t\t\t<div class='wppb-builder-addon wppb-addon-1739866852914'  data-addon-id='1739866852914'><div class='wppb-addon'><div class=\"wppb-text-block-addon\"><div class=\"wppb-text-block-content 0\"><h4><strong>Mein Geschenk im M\u00e4rz 2025 zum Weltgeschichtentag<\/strong><\/h4><p>Das heurige Thema des Weltgeschichtentags ist \"Deep Water\".<\/p><p>Die Geschichte erz\u00e4hlt von einer Frau, die sich auf die Suche nach dem Wasser des Lebens macht.<\/p><\/div><\/div><\/div><\/div>            <div  class=\"wppb-row-parent wppb-inner-row-parent wppb-row-1739866852915 \">\n\t\t\t\n\t\t\t\t\t\t\n\t\t\t\t<div class=\"wppb-container\">\n                    <div class=\"wppb-row\">\n\t\t\t\t\t\t                                <div  class=\"wppb-column-parent wppb-column-parent-view wppb-col-1739866852916  \" >\n                                    <div class=\"wppb-column\">\n                                        <div class=\"wppb-builder-addons\">\n\t\t\t\t\t\t\t\t\t\t\t<div  class='wppb-builder-addon wppb-addon-1739866852917   '   ><div class='wppb-inner_addon'><div class=\"wppb-addon wppb-button-addon\"><div class=\"wppb-button-addon-content\"><a  href=\"https:\/\/www.barbarabeinsteiner.at\/index.php\/?page_id=776\" target=_blank class=\"wppb-btn-addons  wppb-btn-custom wppb-btn-round wppb-btn-large wppb-btn-no\">Lebendiges Wasser<\/a><\/div><\/div><\/div><\/div>                                        <\/div>\n                                    <\/div>\n                                <\/div>\n\t\t\t\t\t\t\t\t                    <\/div>\n                <\/div>\n            <\/div>\n\t\t\t                                            <\/div>\n                                        <\/div>\n                                    <\/div>\n\t\t\t\t\t\t\t\t\t                        <\/div>\n\n                    <\/div>\n                <\/div>\n\t\t\t\t                <div  class=\"wppb-row-parent  wppb-row-1745045514779 \"  >\n\t\t\t\t\t\n\t\t\t\t\t\t\t\t\t\t\n\t\t\t\t\t\t\t\t\t\t\n\t\t\t\t\t<div class=\"wppb-container \">\n\t\t\t\t\t\t\t\t\t\t\t\t\t\n                        <div class=\"wppb-row\">\n\t\t\t\t\t\t\t                                    <div  class=\"wppb-column-parent wppb-column-parent-view wppb-col-1745045514780  \"  >\n                                        <div class=\"wppb-column\">\n\t\t\t\t\t\n\t\t\t\t\t\t\t\t\t\t\t\n                                            <div class=\"wppb-builder-addons\">\n\t\t\t\t\t\t\t\t\t\t\t\t<div class='wppb-builder-addon wppb-addon-1745045514781'  data-addon-id='1745045514781'><div class='wppb-addon'><div class=\"wppb-text-block-addon\"><div class=\"wppb-text-block-content 0\"><h4><strong>Mein Ostergeschenk 2025<\/strong><\/h4><p>Wir wissen, wie man Krieg f\u00fchrt. Wer aber wei\u00df, wie man Frieden f\u00fchrt? Ein K\u00f6nigsohn macht sich auf den Weg, es herauszufinden.<\/p><\/div><\/div><\/div><\/div>            <div  class=\"wppb-row-parent wppb-inner-row-parent wppb-row-1745045514782 \">\n\t\t\t\n\t\t\t\t\t\t\n\t\t\t\t<div class=\"wppb-container\">\n                    <div class=\"wppb-row\">\n\t\t\t\t\t\t                                <div  class=\"wppb-column-parent wppb-column-parent-view wppb-col-1745045514783  \" >\n                                    <div class=\"wppb-column\">\n                                        <div class=\"wppb-builder-addons\">\n\t\t\t\t\t\t\t\t\t\t\t<div  class='wppb-builder-addon wppb-addon-1745045514784   '   ><div class='wppb-inner_addon'><div class=\"wppb-addon wppb-button-addon\"><div class=\"wppb-button-addon-content\"><a  href=\"https:\/\/youtu.be\/X2S-qc5SYX8\" target=_blank class=\"wppb-btn-addons  wppb-btn-custom wppb-btn-round wppb-btn-large wppb-btn-no\">Wo beginnt der Frieden?<\/a><\/div><\/div><\/div><\/div>                                        <\/div>\n                                    <\/div>\n                                <\/div>\n\t\t\t\t\t\t\t\t                    <\/div>\n                <\/div>\n            <\/div>\n\t\t\t                                            <\/div>\n                                        <\/div>\n                                    <\/div>\n\t\t\t\t\t\t\t\t\t                        <\/div>\n\n                    <\/div>\n                <\/div>\n\t\t\t\t                <div  class=\"wppb-row-parent  wppb-row-1747910169124 \"  >\n\t\t\t\t\t\n\t\t\t\t\t\t\t\t\t\t\n\t\t\t\t\t\t\t\t\t\t\n\t\t\t\t\t<div class=\"wppb-container \">\n\t\t\t\t\t\t\t\t\t\t\t\t\t\n                        <div class=\"wppb-row\">\n\t\t\t\t\t\t\t                                    <div  class=\"wppb-column-parent wppb-column-parent-view wppb-col-1747910169125  \"  >\n                                        <div class=\"wppb-column\">\n\t\t\t\t\t\n\t\t\t\t\t\t\t\t\t\t\t\n                                            <div class=\"wppb-builder-addons\">\n\t\t\t\t\t\t\t\t\t\t\t\t<div class='wppb-builder-addon wppb-addon-1747910169126'  data-addon-id='1747910169126'><div class='wppb-addon'><div class=\"wppb-text-block-addon\"><div class=\"wppb-text-block-content 0\"><h4><strong>Mein Geschenk im Mai 2025<\/strong><\/h4><p>Eine heilsame Geschichte, die auf einer wahren Begebenheit beruht. <\/p><\/div><\/div><\/div><\/div>            <div  class=\"wppb-row-parent wppb-inner-row-parent wppb-row-1747910169127 \">\n\t\t\t\n\t\t\t\t\t\t\n\t\t\t\t<div class=\"wppb-container\">\n                    <div class=\"wppb-row\">\n\t\t\t\t\t\t                                <div  class=\"wppb-column-parent wppb-column-parent-view wppb-col-1747910169128  \" >\n                                    <div class=\"wppb-column\">\n                                        <div class=\"wppb-builder-addons\">\n\t\t\t\t\t\t\t\t\t\t\t<div  class='wppb-builder-addon wppb-addon-1747910169129   '   ><div class='wppb-inner_addon'><div class=\"wppb-addon wppb-button-addon\"><div class=\"wppb-button-addon-content\"><a  href=\"https:\/\/youtu.be\/tbkmU5oivE8\" target=_blank class=\"wppb-btn-addons  wppb-btn-custom wppb-btn-round wppb-btn-large wppb-btn-no\">Sag JA zu deinem Herzen<\/a><\/div><\/div><\/div><\/div>                                        <\/div>\n                                    <\/div>\n                                <\/div>\n\t\t\t\t\t\t\t\t                    <\/div>\n                <\/div>\n            <\/div>\n\t\t\t                                            <\/div>\n                                        <\/div>\n                                    <\/div>\n\t\t\t\t\t\t\t\t\t                        <\/div>\n\n                    <\/div>\n                <\/div>\n\t\t\t\t<\/div>","protected":false},"excerpt":{"rendered":"<p>Willkommen auf der Seite der Geschichtengeschenke! Mein Geschenk im M\u00e4rz 2024Anl\u00e4sslich des Weltgeschichtentags 2024 ver\u00f6ffentliche ich hier das erste M\u00e4rchengeschenk: Es ist eine Geschichte, die ich im Bachbett erlauscht habe und dir voll Freude weitererz\u00e4hle: Riese Gro\u00df und Riese Stark Mein Geschenk im Dezember 2023Eine Wintergeschichte voll Schmerz und Vers\u00f6hnung. Winterrose Weihnachten 2023 Mein Geschenk [&hellip;]<\/p>\n","protected":false},"author":1,"featured_media":0,"parent":0,"menu_order":20,"comment_status":"closed","ping_status":"closed","template":"","meta":{"footnotes":""},"class_list":["post-440","page","type-page","status-publish","hentry"],"aioseo_notices":[],"_links":{"self":[{"href":"https:\/\/www.barbarabeinsteiner.at\/index.php\/wp-json\/wp\/v2\/pages\/440","targetHints":{"allow":["GET"]}}],"collection":[{"href":"https:\/\/www.barbarabeinsteiner.at\/index.php\/wp-json\/wp\/v2\/pages"}],"about":[{"href":"https:\/\/www.barbarabeinsteiner.at\/index.php\/wp-json\/wp\/v2\/types\/page"}],"author":[{"embeddable":true,"href":"https:\/\/www.barbarabeinsteiner.at\/index.php\/wp-json\/wp\/v2\/users\/1"}],"replies":[{"embeddable":true,"href":"https:\/\/www.barbarabeinsteiner.at\/index.php\/wp-json\/wp\/v2\/comments?post=440"}],"version-history":[{"count":11,"href":"https:\/\/www.barbarabeinsteiner.at\/index.php\/wp-json\/wp\/v2\/pages\/440\/revisions"}],"predecessor-version":[{"id":856,"href":"https:\/\/www.barbarabeinsteiner.at\/index.php\/wp-json\/wp\/v2\/pages\/440\/revisions\/856"}],"wp:attachment":[{"href":"https:\/\/www.barbarabeinsteiner.at\/index.php\/wp-json\/wp\/v2\/media?parent=440"}],"curies":[{"name":"wp","href":"https:\/\/api.w.org\/{rel}","templated":true}]}}