{"id":455,"date":"2020-05-25T09:43:32","date_gmt":"2020-05-25T07:43:32","guid":{"rendered":"https:\/\/www.barbarabeinsteiner.at\/index.php\/?page_id=455"},"modified":"2020-05-25T09:43:32","modified_gmt":"2020-05-25T07:43:32","slug":"datenschutz","status":"publish","type":"page","link":"https:\/\/www.barbarabeinsteiner.at\/index.php\/datenschutz\/","title":{"rendered":"Datenschutz"},"content":{"rendered":"<h3>Willkommen<\/h3>\n<p>Ich freue mich, dass Sie meine Website besuchen!<br \/>\nIch informiere Sie dar\u00fcber, dass ich keine Daten speichere oder anders verwende. Im Folgenden erkl\u00e4re ich das noch detailliert:<\/p>\n<h3>Kontakt mit mir<\/h3>\n<p>Wenn Sie Kontakt mit mir aufnehmen, speichere ich Ihre Emailadresse, um Ihre Anfrage zu beantworten. Die Adresse wird dar\u00fcber hinaus weder verwendet noch an Dritte weitergegeben.<\/p>\n<p>Dasselbe gilt f\u00fcr Ihre Telefonnummer im Falle telefonischer Kontaktaufnahme.<\/p>\n<h3>Cookies<\/h3>\n<p>Diese Seite verwendet keine Cookies.<\/p>\n<h3>Newsletter<\/h3>\n<p>Der Newsletter l\u00e4uft \u00fcber die Seite Newsletter2go. Sie erhalten ihn nur, wenn Sie nach der Bestellung best\u00e4tigen, dass Sie ihn wirklich abonnieren m\u00f6chten. In jedem Newsletter ist ein Link, mit dem Sie sich davon wieder abmelden k\u00f6nnen.<\/p>\n<h3>Ihre Rechte<\/h3>\n<p>Ihnen stehen bez\u00fcglich Ihrer bei uns gespeicherten Daten\u00a0grunds\u00e4tzlich die Rechte auf Auskunft, Berichtigung, L\u00f6schung, Einschr\u00e4nkung, Daten\u00fcbertragbarkeit, Widerruf und Widerspruch zu. Wenn Sie glauben, dass die Verarbeitung Ihrer Daten gegen das Datenschutzrecht verst\u00f6\u00dft oder Ihre datenschutzrechtlichen Anspr\u00fcche sonst in einer Weise verletzt worden sind, k\u00f6nnen Sie sich bei der\u00a0uns oder der Datenschutzbeh\u00f6rde beschweren.<\/p>\n","protected":false},"excerpt":{"rendered":"<p>Willkommen Ich freue mich, dass Sie meine Website besuchen! Ich informiere Sie dar\u00fcber, dass ich keine Daten speichere oder anders verwende. Im Folgenden erkl\u00e4re ich das noch detailliert: Kontakt mit mir Wenn Sie Kontakt mit mir aufnehmen, speichere ich Ihre Emailadresse, um Ihre Anfrage zu beantworten. Die Adresse wird dar\u00fcber hinaus weder verwendet noch an [&hellip;]<\/p>\n","protected":false},"author":1,"featured_media":0,"parent":0,"menu_order":0,"comment_status":"closed","ping_status":"closed","template":"","meta":{"footnotes":""},"class_list":["post-455","page","type-page","status-publish","hentry"],"aioseo_notices":[],"_links":{"self":[{"href":"https:\/\/www.barbarabeinsteiner.at\/index.php\/wp-json\/wp\/v2\/pages\/455","targetHints":{"allow":["GET"]}}],"collection":[{"href":"https:\/\/www.barbarabeinsteiner.at\/index.php\/wp-json\/wp\/v2\/pages"}],"about":[{"href":"https:\/\/www.barbarabeinsteiner.at\/index.php\/wp-json\/wp\/v2\/types\/page"}],"author":[{"embeddable":true,"href":"https:\/\/www.barbarabeinsteiner.at\/index.php\/wp-json\/wp\/v2\/users\/1"}],"replies":[{"embeddable":true,"href":"https:\/\/www.barbarabeinsteiner.at\/index.php\/wp-json\/wp\/v2\/comments?post=455"}],"version-history":[{"count":1,"href":"https:\/\/www.barbarabeinsteiner.at\/index.php\/wp-json\/wp\/v2\/pages\/455\/revisions"}],"predecessor-version":[{"id":457,"href":"https:\/\/www.barbarabeinsteiner.at\/index.php\/wp-json\/wp\/v2\/pages\/455\/revisions\/457"}],"wp:attachment":[{"href":"https:\/\/www.barbarabeinsteiner.at\/index.php\/wp-json\/wp\/v2\/media?parent=455"}],"curies":[{"name":"wp","href":"https:\/\/api.w.org\/{rel}","templated":true}]}}