{"id":551,"date":"2021-06-10T15:30:13","date_gmt":"2021-06-10T13:30:13","guid":{"rendered":"https:\/\/www.barbarabeinsteiner.at\/index.php\/?page_id=551"},"modified":"2021-07-25T10:23:29","modified_gmt":"2021-07-25T08:23:29","slug":"maerchenglueck-am-krankenbett","status":"publish","type":"page","link":"https:\/\/www.barbarabeinsteiner.at\/index.php\/maerchenglueck-am-krankenbett\/","title":{"rendered":"M\u00e4rchengl\u00fcck am Krankenbett"},"content":{"rendered":"<div id=\"wppb-builder-container\" class=\"wppb-builder-container\">                <div  class=\"wppb-row-parent  wppb-row-1630166601959 \"  >\n\t\t\t\t\t\n\t\t\t\t\t\t\t\t\t\t\n\t\t\t\t\t\t\t\t\t\t\n\t\t\t\t\t<div class=\"wppb-container \">\n\t\t\t\t\t\t\t\t\t\t\t\t\t\n                        <div class=\"wppb-row\">\n\t\t\t\t\t\t\t                                    <div  class=\"wppb-column-parent wppb-column-parent-view wppb-col-1630166601958  \"  >\n                                        <div class=\"wppb-column\">\n\t\t\t\t\t\n\t\t\t\t\t\t\t\t\t\t\t\n                                            <div class=\"wppb-builder-addons\">\n\t\t\t\t\t\t\t\t\t\t\t\t<div class='wppb-builder-addon wppb-addon-1630166615710'  data-addon-id='1630166615710'><div class='wppb-addon'><div class=\"wppb-text-block-addon\"><div class=\"wppb-text-block-content 0\"><p align=\"CENTER\">M\u00e4rchengl\u00fcck am Krankenbett \u2013 so lautet mein Herzensprojekt \u2013 und der Titel ist Programm: Auf Einladung komme ich zu kranken Menschen\u00a0 direkt an ihr Krankenbett zu Hause oder im Krankenhaus. Ganz pers\u00f6nlich erz\u00e4hle ich ihnen M\u00e4rchen aus dem N\u00e4hk\u00e4stchen und spiele auf der Harfe.<\/p><\/div><\/div><\/div><\/div>                                            <\/div>\n                                        <\/div>\n                                    <\/div>\n\t\t\t\t\t\t\t\t\t                        <\/div>\n\n                    <\/div>\n                <\/div>\n\t\t\t\t                <div  class=\"wppb-row-parent  wppb-row-1630169853912 \"  >\n\t\t\t\t\t\n\t\t\t\t\t\t\t\t\t\t\n\t\t\t\t\t\t\t\t\t\t\n\t\t\t\t\t<div class=\"wppb-container \">\n\t\t\t\t\t\t\t\t\t\t\t\t\t\n                        <div class=\"wppb-row\">\n\t\t\t\t\t\t\t                                    <div  class=\"wppb-column-parent wppb-column-parent-view wppb-col-1630169853911  \"  >\n                                        <div class=\"wppb-column\">\n\t\t\t\t\t\n\t\t\t\t\t\t\t\t\t\t\t\n                                            <div class=\"wppb-builder-addons\">\n\t\t\t\t\t\t\t\t\t\t\t\t<div class='wppb-builder-addon wppb-addon-1630169907383'  data-addon-id='1630169907383'><div class='wppb-addon'><div class=\"wppb-addon wppb-button-addon\"><div class=\"wppb-button-addon-content\"><a  href=\"http:\/\/www.m\u00e4rchengl\u00fcck-am-krankenbett.at\" target=_blank class=\"wppb-btn-addons  wppb-btn-custom wppb-btn-round wppb-btn-standard wppb-btn-no\">www.m\u00e4rchengl\u00fcck-am-krankenbett.at<\/a><\/div><\/div><\/div><\/div>                                            <\/div>\n                                        <\/div>\n                                    <\/div>\n\t\t\t\t\t\t\t\t\t                        <\/div>\n\n                    <\/div>\n                <\/div>\n\t\t\t\t                <div  class=\"wppb-row-parent  wppb-row-1630166601972 \"  >\n\t\t\t\t\t\n\t\t\t\t\t\t\t\t\t\t\n\t\t\t\t\t\t\t\t\t\t\n\t\t\t\t\t<div class=\"wppb-container \">\n\t\t\t\t\t\t\t\t\t\t\t\t\t\n                        <div class=\"wppb-row\">\n\t\t\t\t\t\t\t                                    <div  class=\"wppb-column-parent wppb-column-parent-view wppb-col-1630166601970  \"  >\n                                        <div class=\"wppb-column\">\n\t\t\t\t\t\n\t\t\t\t\t\t\t\t\t\t\t\n                                            <div class=\"wppb-builder-addons\">\n\t\t\t\t\t\t\t\t\t\t\t\t<div class='wppb-builder-addon wppb-addon-1630166746030'  data-addon-id='1630166746030'><div class='wppb-addon'><div class=\"wppb-text-block-addon\"><div class=\"wppb-text-block-content 0\"><p style=\"text-align: left\">In diesem kurzen Video und im Radiobeitrag k\u00f6nnen Sie einen Eindruck von dem Projekt gewinnen:<\/p><p class=\"western\">\u00a0<\/p><\/div><\/div><\/div><\/div><div class='wppb-builder-addon wppb-addon-1630167753910'  data-addon-id='1630167753910'><div class='wppb-addon'><div class=\"wppb-text-block-addon\"><div class=\"wppb-text-block-content 0\"><p>Ich danke dem ORF Tirol f\u00fcr die Gestaltung und Zurverf\u00fcgungstellung der beiden Beitr\u00e4ge vom 12.6.2021!<\/p><\/div><\/div><\/div><\/div><div class='wppb-builder-addon wppb-addon-1630166602660'  data-addon-id='1630166602660'><div class='wppb-addon'><div class=\"wppb-text-block-addon\"><\/div><\/div><\/div>                                            <\/div>\n                                        <\/div>\n                                    <\/div>\n\t\t\t\t\t\t\t\t\t                                    <div  class=\"wppb-column-parent wppb-column-parent-view wppb-col-1630166601971  \"  >\n                                        <div class=\"wppb-column\">\n\t\t\t\t\t\n\t\t\t\t\t\t\t\t\t\t\t\n                                            <div class=\"wppb-builder-addons\">\n\t\t\t\t\t\t\t\t\t\t\t\t<div class='wppb-builder-addon wppb-addon-1630166679725'  data-addon-id='1630166679725'><div class='wppb-addon'><div class=\"wppb-video-addon\"><div class=\"wppb-video-content\"><div class=\"wppb-video-block wppb-embed-responsive wppb-embed-responsive-16by9\"><iframe class=\"wppb-embed-responsive-item\" src=\"\/\/www.youtube.com\/embed\/1JX6g0N_098?controls=1&#038;modestbranding=1\" allowFullScreen><\/iframe><\/div><\/div><\/div><\/div><\/div>                                            <\/div>\n                                        <\/div>\n                                    <\/div>\n\t\t\t\t\t\t\t\t\t                        <\/div>\n\n                    <\/div>\n                <\/div>\n\t\t\t\t                <div  class=\"wppb-row-parent  wppb-row-1630167878776 \"  >\n\t\t\t\t\t\n\t\t\t\t\t\t\t\t\t\t\n\t\t\t\t\t\t\t\t\t\t\n\t\t\t\t\t<div class=\"wppb-container \">\n\t\t\t\t\t\t\t\t\t\t\t\t\t\n                        <div class=\"wppb-row\">\n\t\t\t\t\t\t\t                                    <div  class=\"wppb-column-parent wppb-column-parent-view wppb-col-1630167878775  \"  >\n                                        <div class=\"wppb-column\">\n\t\t\t\t\t\n\t\t\t\t\t\t\t\t\t\t\t\n                                            <div class=\"wppb-builder-addons\">\n\t\t\t\t\t\t\t\t\t\t\t\t<div class='wppb-builder-addon wppb-widget-1630168130931 wppb-addon-1630168130931'  data-addon-id='1630168130931'><div class='wppb-widget'><audio class=\"wp-audio-shortcode\" id=\"audio-551-1\" preload=\"none\" style=\"width: 100%;\" controls=\"controls\"><source type=\"audio\/mpeg\" src=\"https:\/\/www.barbarabeinsteiner.at\/wp-content\/uploads\/2021\/06\/ORF-Beitrag-Maerchenglueck-am-Krankenbett-Juni-2021.mp3?_=1\" \/><source type=\"audio\/mpeg\" src=\"https:\/\/www.barbarabeinsteiner.at\/wp-content\/uploads\/2021\/06\/ORF-Beitrag-Maerchenglueck-am-Krankenbett-Juni-2021.mp3?_=1\" \/><a href=\"https:\/\/www.barbarabeinsteiner.at\/wp-content\/uploads\/2021\/06\/ORF-Beitrag-Maerchenglueck-am-Krankenbett-Juni-2021.mp3\">https:\/\/www.barbarabeinsteiner.at\/wp-content\/uploads\/2021\/06\/ORF-Beitrag-Maerchenglueck-am-Krankenbett-Juni-2021.mp3<\/a><\/audio><\/div><\/div>                                            <\/div>\n                                        <\/div>\n                                    <\/div>\n\t\t\t\t\t\t\t\t\t                        <\/div>\n\n                    <\/div>\n                <\/div>\n\t\t\t\t                <div  class=\"wppb-row-parent  wppb-row-1630166602419 \"  >\n\t\t\t\t\t\n\t\t\t\t\t\t\t\t\t\t\n\t\t\t\t\t\t\t\t\t\t\n\t\t\t\t\t<div class=\"wppb-container \">\n\t\t\t\t\t\t\t\t\t\t\t\t\t\n                        <div class=\"wppb-row\">\n\t\t\t\t\t\t\t                                    <div  class=\"wppb-column-parent wppb-column-parent-view wppb-col-1630166602417  \"  >\n                                        <div class=\"wppb-column\">\n\t\t\t\t\t\n\t\t\t\t\t\t\t\t\t\t\t\n                                            <div class=\"wppb-builder-addons\">\n\t\t\t\t\t\t\t\t\t\t\t\t<div class='wppb-builder-addon wppb-addon-1630167314051'  data-addon-id='1630167314051'><div class='wppb-addon'><div class=\"wppb-image-addon\"><figure class=\"wppb-image-addon-content-wrap\"><div class=\"wppb-image-addon-content wppb-imginlineblock\"><img decoding=\"async\" class=\"wppb-image-addon-img\" src=\"https:\/\/www.barbarabeinsteiner.at\/wp-content\/uploads\/2021\/08\/Textil-jpeg-ohne-Wand-scaled.jpg\" alt=\"Image\"><\/div><\/figure><\/div><\/div><\/div>                                            <\/div>\n                                        <\/div>\n                                    <\/div>\n\t\t\t\t\t\t\t\t\t                                    <div  class=\"wppb-column-parent wppb-column-parent-view wppb-col-1630166602418  \"  >\n                                        <div class=\"wppb-column\">\n\t\t\t\t\t\n\t\t\t\t\t\t\t\t\t\t\t\n                                            <div class=\"wppb-builder-addons\">\n\t\t\t\t\t\t\t\t\t\t\t\t<div class='wppb-builder-addon wppb-addon-1630167457595'  data-addon-id='1630167457595'><div class='wppb-addon'><div class=\"wppb-text-block-addon\"><div class=\"wppb-text-block-content 0\"><p>Dieses Projekt findet in der Klinik oder in privaten Wohnr\u00e4umen abseits der \u00d6ffentlichkeit statt. Um es dennoch sichtbar zu machen, habe ich den Winter mit den vielen Lockdowns damit verbracht, das Bild zu sticken, das Sie hier sehen. Es soll das sichtbare Symbol f\u00fcr die Reise in die innere heile Welt sein, auf die die M\u00e4rchen uns schicken und das Projekt f\u00fcr KlinikpatientInnen bekannt machen. Es ist ca. 100 x 140 cm gro\u00df.<\/p><p>\u00a0<\/p><\/div><\/div><\/div><\/div>                                            <\/div>\n                                        <\/div>\n                                    <\/div>\n\t\t\t\t\t\t\t\t\t                        <\/div>\n\n                    <\/div>\n                <\/div>\n\t\t\t\t                <div  class=\"wppb-row-parent  wppb-row-1749417127752 \"  >\n\t\t\t\t\t\n\t\t\t\t\t\t\t\t\t\t\n\t\t\t\t\t\t\t\t\t\t\n\t\t\t\t\t<div class=\"wppb-container \">\n\t\t\t\t\t\t\t\t\t\t\t\t\t\n                        <div class=\"wppb-row\">\n\t\t\t\t\t\t\t                                    <div  class=\"wppb-column-parent wppb-column-parent-view wppb-col-1749417127751  \"  >\n                                        <div class=\"wppb-column\">\n\t\t\t\t\t\n\t\t\t\t\t\t\t\t\t\t\t\n                                            <div class=\"wppb-builder-addons\">\n\t\t\t\t\t\t\t\t\t\t\t\t<div class='wppb-builder-addon wppb-addon-1749417432368'  data-addon-id='1749417432368'><div class='wppb-addon'><div class=\"wppb-text-block-addon\"><div class=\"wppb-text-block-content 0\"><p><strong>Finanziert wird dieses Projekt\u00a0 \u00fcber Spenden.<\/strong> <strong>Wenn Sie es unterst\u00fctzen m\u00f6chten, freuen wir uns \u00fcber jeden Beitrag auf:<\/strong><\/p><p>Verein M\u00e4rchengl\u00fcck am Krankenbett, IBAN: AT43 3636 2000 0014 8122<\/p><p>Herzlichen Dank im Namen all derer, denen durch Ihre Hilfe M\u00e4rchen am Krankenbett erz\u00e4hlt werden k\u00f6nnen.<\/p><\/div><\/div><\/div><\/div>                                            <\/div>\n                                        <\/div>\n                                    <\/div>\n\t\t\t\t\t\t\t\t\t                        <\/div>\n\n                    <\/div>\n                <\/div>\n\t\t\t\t                <div  class=\"wppb-row-parent  wppb-row-1630167878704 \"  >\n\t\t\t\t\t\n\t\t\t\t\t\t\t\t\t\t\n\t\t\t\t\t\t\t\t\t\t\n\t\t\t\t\t<div class=\"wppb-container \">\n\t\t\t\t\t\t\t\t\t\t\t\t\t\n                        <div class=\"wppb-row\">\n\t\t\t\t\t\t\t                                    <div  class=\"wppb-column-parent wppb-column-parent-view wppb-col-1630167878703  \"  >\n                                        <div class=\"wppb-column\">\n\t\t\t\t\t\n\t\t\t\t\t\t\t\t\t\t\t\n                                            <div class=\"wppb-builder-addons\">\n\t\t\t\t\t\t\t\t\t\t\t\t<div class='wppb-builder-addon wppb-addon-1630167912148'  data-addon-id='1630167912148'><div class='wppb-addon'><div class=\"wppb-text-block-addon\"><div class=\"wppb-text-block-content 0\"><p><strong>Au\u00dferdem ist M\u00e4rchengl\u00fcck am Krankenbett auf der Suche nach einem Sponsor, damit es wachsen und sich entfalten kann.<\/strong> Mein Ziel ist es, eines Tages nicht nur palliativ erkrankten Kindern, sondern allen Kindern und auch Erwachsenen, die einen l\u00e4ngeren Klinikaufenthalt ben\u00f6tigen, M\u00e4rchen am Krankenbett zu erz\u00e4hlen. Denn sowohl die M\u00e4rchen, als auch das Erz\u00e4hlen an sich und die Kl\u00e4nge der Harfe bieten ein gro\u00dfes\u00a0 heilsames Potenzial, das dazu beitragen kann, Genesungsprozesse zu unterst\u00fctzen.<\/p><p><strong>Wenn Sie eine M\u00f6glichkeit sehen, dieses Projekt finanziell zu unterst\u00fctzen, freue ich mich, wenn Sie Kontakt mit mir aufnehmen!<\/strong><\/p><\/div><\/div><\/div><\/div>                                            <\/div>\n                                        <\/div>\n                                    <\/div>\n\t\t\t\t\t\t\t\t\t                        <\/div>\n\n                    <\/div>\n                <\/div>\n\t\t\t\t<\/div>","protected":false},"excerpt":{"rendered":"<p>M\u00e4rchengl\u00fcck am Krankenbett \u2013 so lautet mein Herzensprojekt \u2013 und der Titel ist Programm: Auf Einladung komme ich zu kranken Menschen\u00a0 direkt an ihr Krankenbett zu Hause oder im Krankenhaus. Ganz pers\u00f6nlich erz\u00e4hle ich ihnen M\u00e4rchen aus dem N\u00e4hk\u00e4stchen und spiele auf der Harfe. www.m\u00e4rchengl\u00fcck-am-krankenbett.at In diesem kurzen Video und im Radiobeitrag k\u00f6nnen Sie einen [&hellip;]<\/p>\n","protected":false},"author":1,"featured_media":553,"parent":0,"menu_order":0,"comment_status":"closed","ping_status":"closed","template":"","meta":{"footnotes":""},"class_list":["post-551","page","type-page","status-publish","has-post-thumbnail","hentry"],"aioseo_notices":[],"_links":{"self":[{"href":"https:\/\/www.barbarabeinsteiner.at\/index.php\/wp-json\/wp\/v2\/pages\/551","targetHints":{"allow":["GET"]}}],"collection":[{"href":"https:\/\/www.barbarabeinsteiner.at\/index.php\/wp-json\/wp\/v2\/pages"}],"about":[{"href":"https:\/\/www.barbarabeinsteiner.at\/index.php\/wp-json\/wp\/v2\/types\/page"}],"author":[{"embeddable":true,"href":"https:\/\/www.barbarabeinsteiner.at\/index.php\/wp-json\/wp\/v2\/users\/1"}],"replies":[{"embeddable":true,"href":"https:\/\/www.barbarabeinsteiner.at\/index.php\/wp-json\/wp\/v2\/comments?post=551"}],"version-history":[{"count":10,"href":"https:\/\/www.barbarabeinsteiner.at\/index.php\/wp-json\/wp\/v2\/pages\/551\/revisions"}],"predecessor-version":[{"id":574,"href":"https:\/\/www.barbarabeinsteiner.at\/index.php\/wp-json\/wp\/v2\/pages\/551\/revisions\/574"}],"wp:featuredmedia":[{"embeddable":true,"href":"https:\/\/www.barbarabeinsteiner.at\/index.php\/wp-json\/wp\/v2\/media\/553"}],"wp:attachment":[{"href":"https:\/\/www.barbarabeinsteiner.at\/index.php\/wp-json\/wp\/v2\/media?parent=551"}],"curies":[{"name":"wp","href":"https:\/\/api.w.org\/{rel}","templated":true}]}}