{"id":685,"date":"2023-11-27T21:01:14","date_gmt":"2023-11-27T20:01:14","guid":{"rendered":"https:\/\/www.barbarabeinsteiner.at\/index.php\/?page_id=685"},"modified":"2023-12-11T18:21:22","modified_gmt":"2023-12-11T17:21:22","slug":"ein-maerchen-vom-abschied","status":"publish","type":"page","link":"https:\/\/www.barbarabeinsteiner.at\/index.php\/ein-maerchen-vom-abschied\/","title":{"rendered":"Ein M\u00e4rchen vom Abschied"},"content":{"rendered":"<div id=\"wppb-builder-container\" class=\"wppb-builder-container\">                <div  class=\"wppb-row-parent  wppb-row-1701114968302 \"  >\n\t\t\t\t\t\n\t\t\t\t\t\t\t\t\t\t\n\t\t\t\t\t\t\t\t\t\t\n\t\t\t\t\t<div class=\"wppb-container \">\n\t\t\t\t\t\t\t\t\t\t\t\t\t\n                        <div class=\"wppb-row\">\n\t\t\t\t\t\t\t                                    <div  class=\"wppb-column-parent wppb-column-parent-view wppb-col-1701114968301  \"  >\n                                        <div class=\"wppb-column\">\n\t\t\t\t\t\n\t\t\t\t\t\t\t\t\t\t\t\n                                            <div class=\"wppb-builder-addons\">\n\t\t\t\t\t\t\t\t\t\t\t\t<div class='wppb-builder-addon wppb-addon-1702312285288'  data-addon-id='1702312285288'><div class='wppb-addon'><div class=\"wppb-text-block-addon\"><div class=\"wppb-text-block-content 0\"><p>Hallo, wie sch\u00f6n, dass du hierher gefunden hast!<\/p><p>Zu meinem Abschied in die Bildungskarenz habe ich ein M\u00e4rchen aufgenommen, das vom Abschied erz\u00e4hlt. Und auch von einem Fischer, einem Riesen und .... wenn du mehr wissen m\u00f6chtest, bist du herzlich eingeladen, es dir anzuh\u00f6ren.<\/p><p>Es ist mein Geschenk an dich und ich w\u00fcnsche dir viel Freude damit!<\/p><\/div><\/div><\/div><\/div><div class='wppb-builder-addon wppb-widget-1701114982271 wppb-addon-1701114982271'  data-addon-id='1701114982271'><div class='wppb-widget'><\/div><\/div>                                            <\/div>\n                                        <\/div>\n                                    <\/div>\n\t\t\t\t\t\t\t\t\t                        <\/div>\n\n                    <\/div>\n                <\/div>\n\t\t\t\t                <div  class=\"wppb-row-parent  wppb-row-1702312273107 \"  >\n\t\t\t\t\t\n\t\t\t\t\t\t\t\t\t\t\n\t\t\t\t\t\t\t\t\t\t\n\t\t\t\t\t<div class=\"wppb-container \">\n\t\t\t\t\t\t\t\t\t\t\t\t\t\n                        <div class=\"wppb-row\">\n\t\t\t\t\t\t\t                                    <div  class=\"wppb-column-parent wppb-column-parent-view wppb-col-1702312273106  \"  >\n                                        <div class=\"wppb-column\">\n\t\t\t\t\t\n\t\t\t\t\t\t\t\t\t\t\t\n                                            <div class=\"wppb-builder-addons\">\n\t\t\t\t\t\t\t\t\t\t\t\t<div class='wppb-builder-addon wppb-widget-1702314321869 wppb-addon-1702314321869'  data-addon-id='1702314321869'><div class='wppb-widget'><h5>Abschied vom Riesen<\/h5><audio class=\"wp-audio-shortcode\" id=\"audio-685-1\" preload=\"none\" style=\"width: 100%;\" controls=\"controls\"><source type=\"audio\/mpeg\" src=\"https:\/\/www.barbarabeinsteiner.at\/wp-content\/uploads\/2023\/12\/29-b-Abschiedsmaerchen-pro-mente-2023.mp3?_=1\" \/><source type=\"audio\/mpeg\" src=\"https:\/\/www.barbarabeinsteiner.at\/wp-content\/uploads\/2023\/12\/29-b-Abschiedsmaerchen-pro-mente-2023.mp3?_=1\" \/><a href=\"https:\/\/www.barbarabeinsteiner.at\/wp-content\/uploads\/2023\/12\/29-b-Abschiedsmaerchen-pro-mente-2023.mp3\">https:\/\/www.barbarabeinsteiner.at\/wp-content\/uploads\/2023\/12\/29-b-Abschiedsmaerchen-pro-mente-2023.mp3<\/a><\/audio><\/div><\/div><div class='wppb-builder-addon wppb-widget- wppb-addon-'  data-addon-id=''><div class='wppb-widget'><\/div><\/div>                                            <\/div>\n                                        <\/div>\n                                    <\/div>\n\t\t\t\t\t\t\t\t\t                        <\/div>\n\n                    <\/div>\n                <\/div>\n\t\t\t\t                <div  class=\"wppb-row-parent  wppb-row-1702312273925 \"  >\n\t\t\t\t\t\n\t\t\t\t\t\t\t\t\t\t\n\t\t\t\t\t\t\t\t\t\t\n\t\t\t\t\t<div class=\"wppb-container \">\n\t\t\t\t\t\t\t\t\t\t\t\t\t\n                        <div class=\"wppb-row\">\n\t\t\t\t\t\t\t                                    <div  class=\"wppb-column-parent wppb-column-parent-view wppb-col-1702312273924  \"  >\n                                        <div class=\"wppb-column\">\n\t\t\t\t\t\n\t\t\t\t\t\t\t\t\t\t\t\n                                            <div class=\"wppb-builder-addons\">\n\t\t\t\t\t\t\t\t\t\t\t\t<div class='wppb-builder-addon wppb-addon-1702315198139'  data-addon-id='1702315198139'><div class='wppb-addon'><div class=\"wppb-image-addon\"><figure class=\"wppb-image-addon-content-wrap\"><div class=\"wppb-image-addon-content wppb-imginlineblock\"><img decoding=\"async\" class=\"wppb-image-addon-img\" src=\"https:\/\/www.barbarabeinsteiner.at\/wp-content\/uploads\/2023\/12\/20231211_181540-300x225.jpg\" alt=\"Image\"><\/div><\/figure><\/div><\/div><\/div><div class='wppb-builder-addon wppb-addon-1702313025469'  data-addon-id='1702313025469'><div class='wppb-addon'><div class=\"wppb-text-block-addon\"><\/div><\/div><\/div>                                            <\/div>\n                                        <\/div>\n                                    <\/div>\n\t\t\t\t\t\t\t\t\t                        <\/div>\n\n                    <\/div>\n                <\/div>\n\t\t\t\t<\/div>","protected":false},"excerpt":{"rendered":"<p>Hallo, wie sch\u00f6n, dass du hierher gefunden hast!Zu meinem Abschied in die Bildungskarenz habe ich ein M\u00e4rchen aufgenommen, das vom Abschied erz\u00e4hlt. Und auch von einem Fischer, einem Riesen und &#8230;. wenn du mehr wissen m\u00f6chtest, bist du herzlich eingeladen, es dir anzuh\u00f6ren.Es ist mein Geschenk an dich und ich w\u00fcnsche dir viel Freude damit! [&hellip;]<\/p>\n","protected":false},"author":1,"featured_media":0,"parent":0,"menu_order":0,"comment_status":"closed","ping_status":"closed","template":"","meta":{"footnotes":""},"class_list":["post-685","page","type-page","status-publish","hentry"],"aioseo_notices":[],"_links":{"self":[{"href":"https:\/\/www.barbarabeinsteiner.at\/index.php\/wp-json\/wp\/v2\/pages\/685","targetHints":{"allow":["GET"]}}],"collection":[{"href":"https:\/\/www.barbarabeinsteiner.at\/index.php\/wp-json\/wp\/v2\/pages"}],"about":[{"href":"https:\/\/www.barbarabeinsteiner.at\/index.php\/wp-json\/wp\/v2\/types\/page"}],"author":[{"embeddable":true,"href":"https:\/\/www.barbarabeinsteiner.at\/index.php\/wp-json\/wp\/v2\/users\/1"}],"replies":[{"embeddable":true,"href":"https:\/\/www.barbarabeinsteiner.at\/index.php\/wp-json\/wp\/v2\/comments?post=685"}],"version-history":[{"count":2,"href":"https:\/\/www.barbarabeinsteiner.at\/index.php\/wp-json\/wp\/v2\/pages\/685\/revisions"}],"predecessor-version":[{"id":687,"href":"https:\/\/www.barbarabeinsteiner.at\/index.php\/wp-json\/wp\/v2\/pages\/685\/revisions\/687"}],"wp:attachment":[{"href":"https:\/\/www.barbarabeinsteiner.at\/index.php\/wp-json\/wp\/v2\/media?parent=685"}],"curies":[{"name":"wp","href":"https:\/\/api.w.org\/{rel}","templated":true}]}}