{"id":766,"date":"2025-02-20T16:37:57","date_gmt":"2025-02-20T15:37:57","guid":{"rendered":"https:\/\/www.barbarabeinsteiner.at\/index.php\/?page_id=766"},"modified":"2025-02-20T16:37:57","modified_gmt":"2025-02-20T15:37:57","slug":"gewonnene-zeit","status":"publish","type":"page","link":"https:\/\/www.barbarabeinsteiner.at\/index.php\/geschichtengeschenke\/gewonnene-zeit\/","title":{"rendered":"Gewonnene Zeit"},"content":{"rendered":"<div id=\"wppb-builder-container\" class=\"wppb-builder-container\">                <div  class=\"wppb-row-parent  wppb-row-1740064809675 \"  >\n\t\t\t\t\t\n\t\t\t\t\t\t\t\t\t\t\n\t\t\t\t\t\t\t\t\t\t\n\t\t\t\t\t<div class=\"wppb-container \">\n\t\t\t\t\t\t\t\t\t\t\t\t\t\n                        <div class=\"wppb-row\">\n\t\t\t\t\t\t\t                                    <div  class=\"wppb-column-parent wppb-column-parent-view wppb-col-1740064809674  \"  >\n                                        <div class=\"wppb-column\">\n\t\t\t\t\t\n\t\t\t\t\t\t\t\t\t\t\t\n                                            <div class=\"wppb-builder-addons\">\n\t\t\t\t\t\t\t\t\t\t\t\t<div class='wppb-builder-addon wppb-addon-1740066362759'  data-addon-id='1740066362759'><div class='wppb-addon'><div class=\"wppb-video-addon\"><div class=\"wppb-video-content\"><div class=\"wppb-video-block wppb-embed-responsive wppb-embed-responsive-16by9\"><iframe class=\"wppb-embed-responsive-item\" src=\"\/\/www.youtube.com\/embed\/yxQLpLj6ucA?controls=1&#038;modestbranding=1\" allowFullScreen><\/iframe><\/div><\/div><\/div><\/div><\/div>                                            <\/div>\n                                        <\/div>\n                                    <\/div>\n\t\t\t\t\t\t\t\t\t                        <\/div>\n\n                    <\/div>\n                <\/div>\n\t\t\t\t                <div  class=\"wppb-row-parent  wppb-row-1740064809803 \"  >\n\t\t\t\t\t\n\t\t\t\t\t\t\t\t\t\t\n\t\t\t\t\t\t\t\t\t\t\n\t\t\t\t\t<div class=\"wppb-container \">\n\t\t\t\t\t\t\t\t\t\t\t\t\t\n                        <div class=\"wppb-row\">\n\t\t\t\t\t\t\t                                    <div  class=\"wppb-column-parent wppb-column-parent-view wppb-col-1740064809802  \"  >\n                                        <div class=\"wppb-column\">\n\t\t\t\t\t\n\t\t\t\t\t\t\t\t\t\t\t\n                                            <div class=\"wppb-builder-addons\">\n\t\t\t\t\t\t\t\t\t\t\t\t<div class='wppb-builder-addon wppb-addon-1740065256870'  data-addon-id='1740065256870'><div class='wppb-addon'><div class=\"wppb-headline-addon\"><div class=\"wppb-headline-content\"><h2 class=\"wppb-addon-title\">Die drei Zeitsirup-Rezepte f\u00fcr dich<\/h2><\/div><\/div><\/div><\/div>                                            <\/div>\n                                        <\/div>\n                                    <\/div>\n\t\t\t\t\t\t\t\t\t                        <\/div>\n\n                    <\/div>\n                <\/div>\n\t\t\t\t                <div  class=\"wppb-row-parent  wppb-row-1740064809683 \"  >\n\t\t\t\t\t\n\t\t\t\t\t\t\t\t\t\t\n\t\t\t\t\t\t\t\t\t\t\n\t\t\t\t\t<div class=\"wppb-container \">\n\t\t\t\t\t\t\t\t\t\t\t\t\t\n                        <div class=\"wppb-row\">\n\t\t\t\t\t\t\t                                    <div  class=\"wppb-column-parent wppb-column-parent-view wppb-col-1740064809680  \"  >\n                                        <div class=\"wppb-column\">\n\t\t\t\t\t\n\t\t\t\t\t\t\t\t\t\t\t\n                                            <div class=\"wppb-builder-addons\">\n\t\t\t\t\t\t\t\t\t\t\t\t<div class='wppb-builder-addon wppb-addon-1740064861509'  data-addon-id='1740064861509'><div class='wppb-addon'><div class=\"wppb-text-block-addon\"><div class=\"wppb-text-block-content 0\"><h3 class=\"western\"><strong><span style=\"font-family: Arial, sans-serif\"><u>Ingwersirup<\/u><\/span><\/strong><\/h3><p class=\"western\"><span style=\"font-family: Arial, sans-serif\"><span style=\"font-size: large\"><strong>Zutaten<\/strong> <\/span><\/span><\/p><p><span style=\"font-family: Arial, sans-serif\">1000 g\u00a0Ingwer<br \/>1500 g Zucker<br \/>15 Zitronen<br \/>1,5 L Wasser<br \/>4 Bl\u00e4tter Salbei<br \/>2 Zweige Rosmarin<\/span><\/p><p><span style=\"font-family: Arial, sans-serif\">(die Zutaten ergeben knapp 3 Liter Sirup)<\/span><\/p><p><span style=\"font-family: Arial, sans-serif\">Twist off Glasflaschen<br \/>oder Flaschen mit B\u00fcgelverschluss<\/span><\/p><h2 class=\"western\"><span style=\"font-family: Arial, sans-serif\"><span style=\"font-size: large\">Zubereitung<\/span><\/span><\/h2><p><span style=\"font-family: Arial, sans-serif\">Zuerst wird der Ingwer gesch\u00e4lt. Dann gibt man ihn (in drei Portionen aufgeteilt) in den Mixer, gie\u00dft jeweils ca. 300ml Wasser dazu und l\u00e4sst den Mixer so lange laufen, bis eine fasrige Masse entstanden ist. Wer keinen Mixer hat, nimmt eine Reibe und reibt den Ingwer fein.<\/span><\/p><p><span style=\"font-family: Arial, sans-serif\">Die Zitronen wascht ihr hei\u00df ab, danach abtrocknen und anschlie\u00dfend die Schale mit der Reibe abreiben. Nun presst ihr die Zitronen aus.<\/span><\/p><p><span style=\"font-family: Arial, sans-serif\">Jetzt gebt ihr die Ingwermasse, die Zitronenschale, den Zitronensaft, den Zucker und das restliche Wasser in einen gro\u00dfen Topf und lasst den Sirup aufkochen. Danach werden die Kr\u00e4uter dazu gegeben und anschlie\u00dfend muss alles zusammen 20 Minuten k\u00f6cheln.<\/span><\/p><p><span style=\"font-family: Arial, sans-serif\">Den fertigen Sirup streicht ihr dann durch ein feines Sieb und f\u00fcllt ihn sofort in vorher hei\u00df ausgewaschenen Twist off Glasflaschen oder in Flaschen mit einem B\u00fcgelverschluss.<\/span><\/p><p><span style=\"font-family: Arial, sans-serif\">Ingwersirup h\u00e4lt sich einige Wochen.<\/span><\/p><p><span style=\"font-family: Arial, sans-serif\">Nach dem \u00d6ffnen bewahrt ihr den Sirup im K\u00fchlschrank auf! <\/span><\/p><\/div><\/div><\/div><\/div>                                            <\/div>\n                                        <\/div>\n                                    <\/div>\n\t\t\t\t\t\t\t\t\t                                    <div  class=\"wppb-column-parent wppb-column-parent-view wppb-col-1740064809681  \"  >\n                                        <div class=\"wppb-column\">\n\t\t\t\t\t\n\t\t\t\t\t\t\t\t\t\t\t\n                                            <div class=\"wppb-builder-addons\">\n\t\t\t\t\t\t\t\t\t\t\t\t<div class='wppb-builder-addon wppb-addon-1740064866298'  data-addon-id='1740064866298'><div class='wppb-addon'><div class=\"wppb-text-block-addon\"><div class=\"wppb-text-block-content 0\"><h3><strong><span style=\"font-family: Arial, sans-serif\"><span style=\"font-size: x-large\"><u>Himbeersirup<\/u><\/span><\/span><\/strong><\/h3><p><strong><span style=\"font-family: Arial, sans-serif\"><span style=\"font-size: large\">Zutaten<\/span><\/span><\/strong><\/p><p><a name=\"Pfirsich\"><\/a><span style=\"font-family: Arial, sans-serif\">1 kg Himbeeren <br \/>150 ml Zitronensaft <br \/>500 g Zucker <br \/>1 l Wasser <\/span><\/p><p><span style=\"font-family: Arial, sans-serif\">Wer will kann zus\u00e4tzlich Zitronen- oder Orangensaft dazugeben, das sorgt f\u00fcr einen frischen Geschmack. <\/span><\/p><p><strong><span style=\"font-family: Arial, sans-serif\"><span style=\"font-size: large\">Zubereitung<\/span><\/span><\/strong><\/p><p><span style=\"font-family: Arial, sans-serif\">Alle Zutaten werden aufgekocht und sollten ca. <\/span><span style=\"font-family: Arial, sans-serif\">30 Minuten<\/span><span style=\"font-family: Arial, sans-serif\"> bei kleiner bis mittlerer Hitze k\u00f6cheln.Den heissen Sirup durch ein <\/span><span style=\"font-family: Arial, sans-serif\">feines Sieb<\/span><span style=\"font-family: Arial, sans-serif\"> oder einen Kaffeefilter in verschliessbare Flaschen abf\u00fcllen und diese <\/span><span style=\"font-family: Arial, sans-serif\">sofort verschliessen<\/span><span style=\"font-family: Arial, sans-serif\">. <\/span><\/p><p><br \/><br \/><\/p><p><br \/><br \/><\/p><\/div><\/div><\/div><\/div>                                            <\/div>\n                                        <\/div>\n                                    <\/div>\n\t\t\t\t\t\t\t\t\t                                    <div  class=\"wppb-column-parent wppb-column-parent-view wppb-col-1740064809682  \"  >\n                                        <div class=\"wppb-column\">\n\t\t\t\t\t\n\t\t\t\t\t\t\t\t\t\t\t\n                                            <div class=\"wppb-builder-addons\">\n\t\t\t\t\t\t\t\t\t\t\t\t<div class='wppb-builder-addon wppb-addon-1740064870676'  data-addon-id='1740064870676'><div class='wppb-addon'><div class=\"wppb-text-block-addon\"><div class=\"wppb-text-block-content 0\"><h3><strong><span style=\"font-family: Arial, sans-serif\"><span style=\"font-size: x-large\"><u>Haselnuss-Sirup<\/u><\/span><\/span><\/strong><\/h3><p><strong><span style=\"font-family: Arial, sans-serif\"><span style=\"font-size: large\"><b>Zutaten<\/b><\/span><\/span><\/strong><\/p><p><span style=\"font-family: Arial, sans-serif\">800 g Haseln\u00fcsse, gehackt <br \/>800 g Zucker <br \/>1 l Wasser <\/span><\/p><p><strong><span style=\"font-family: Arial, sans-serif\"><span style=\"font-size: large\">Zubereitung<\/span><\/span><\/strong><\/p><p><span style=\"font-family: Arial, sans-serif\">Die N\u00fcsse ohne Fett bei kleiner Hitze in einem Topf anr\u00f6sten. Dann den Zucker zu den N\u00fcssen geben und nach kurzer Zeit das Wasser. Alles ca. 30 Minuten k\u00f6cheln lassen und dann durch ein ganz feines Sieb oder einen Kaffeefilter giessen.<\/span><\/p><p><span style=\"font-family: Arial, sans-serif\">Haselnusssirup passt wunderbar zu Vanilleeis!<\/span><\/p><p><span style=\"font-family: Arial, sans-serif\">Die abgesiebten Nussreste lassen sich zum Backen verwenden.<\/span><\/p><\/div><\/div><\/div><\/div>                                            <\/div>\n                                        <\/div>\n                                    <\/div>\n\t\t\t\t\t\t\t\t\t                        <\/div>\n\n                    <\/div>\n                <\/div>\n\t\t\t\t<\/div>","protected":false},"excerpt":{"rendered":"<p>Die drei Zeitsirup-Rezepte f\u00fcr dich IngwersirupZutaten 1000 g\u00a0Ingwer1500 g Zucker15 Zitronen1,5 L Wasser4 Bl\u00e4tter Salbei2 Zweige Rosmarin(die Zutaten ergeben knapp 3 Liter Sirup)Twist off Glasflaschenoder Flaschen mit B\u00fcgelverschlussZubereitungZuerst wird der Ingwer gesch\u00e4lt. Dann gibt man ihn (in drei Portionen aufgeteilt) in den Mixer, gie\u00dft jeweils ca. 300ml Wasser dazu und l\u00e4sst den Mixer so lange [&hellip;]<\/p>\n","protected":false},"author":1,"featured_media":0,"parent":440,"menu_order":0,"comment_status":"closed","ping_status":"closed","template":"","meta":{"footnotes":""},"class_list":["post-766","page","type-page","status-publish","hentry"],"aioseo_notices":[],"_links":{"self":[{"href":"https:\/\/www.barbarabeinsteiner.at\/index.php\/wp-json\/wp\/v2\/pages\/766","targetHints":{"allow":["GET"]}}],"collection":[{"href":"https:\/\/www.barbarabeinsteiner.at\/index.php\/wp-json\/wp\/v2\/pages"}],"about":[{"href":"https:\/\/www.barbarabeinsteiner.at\/index.php\/wp-json\/wp\/v2\/types\/page"}],"author":[{"embeddable":true,"href":"https:\/\/www.barbarabeinsteiner.at\/index.php\/wp-json\/wp\/v2\/users\/1"}],"replies":[{"embeddable":true,"href":"https:\/\/www.barbarabeinsteiner.at\/index.php\/wp-json\/wp\/v2\/comments?post=766"}],"version-history":[{"count":2,"href":"https:\/\/www.barbarabeinsteiner.at\/index.php\/wp-json\/wp\/v2\/pages\/766\/revisions"}],"predecessor-version":[{"id":768,"href":"https:\/\/www.barbarabeinsteiner.at\/index.php\/wp-json\/wp\/v2\/pages\/766\/revisions\/768"}],"up":[{"embeddable":true,"href":"https:\/\/www.barbarabeinsteiner.at\/index.php\/wp-json\/wp\/v2\/pages\/440"}],"wp:attachment":[{"href":"https:\/\/www.barbarabeinsteiner.at\/index.php\/wp-json\/wp\/v2\/media?parent=766"}],"curies":[{"name":"wp","href":"https:\/\/api.w.org\/{rel}","templated":true}]}}