{"id":782,"date":"2025-03-17T13:59:10","date_gmt":"2025-03-17T12:59:10","guid":{"rendered":"https:\/\/www.barbarabeinsteiner.at\/index.php\/?page_id=782"},"modified":"2025-03-17T13:59:10","modified_gmt":"2025-03-17T12:59:10","slug":"maerchenhafte-hochzeit","status":"publish","type":"page","link":"https:\/\/www.barbarabeinsteiner.at\/index.php\/maerchenhafte-hochzeit\/","title":{"rendered":"M\u00e4rchenhafte Hochzeit"},"content":{"rendered":"<div id=\"wppb-builder-container\" class=\"wppb-builder-container\">                <div  class=\"wppb-row-parent  wppb-row-1742215481560 \"  >\n\t\t\t\t\t\n\t\t\t\t\t\t\t\t\t\t\n\t\t\t\t\t\t\t\t\t\t\n\t\t\t\t\t<div class=\"wppb-container \">\n\t\t\t\t\t\t\t\t\t\t\t\t\t\n                        <div class=\"wppb-row\">\n\t\t\t\t\t\t\t                                    <div  class=\"wppb-column-parent wppb-column-parent-view wppb-col-1742215481559  \"  >\n                                        <div class=\"wppb-column\">\n\t\t\t\t\t\n\t\t\t\t\t\t\t\t\t\t\t\n                                            <div class=\"wppb-builder-addons\">\n\t\t\t\t\t\t\t\t\t\t\t\t<div class='wppb-builder-addon wppb-addon-1742215492310'  data-addon-id='1742215492310'><div class='wppb-addon'><div class=\"wppb-text-block-addon\"><div class=\"wppb-text-block-content 0\"><h3>Ihr wollt heiraten und damit Eure einzigartige Paargeschichte feiern?<\/h3><p>Ich freue mich mit euch und erz\u00e4hle gerne euch und euren G\u00e4sten bei eurer Hochzeit eure Geschichte als romantisches M\u00e4rchen.<\/p><p>Von \"Es war einmal\" bis zu \"...fortan leben sie gl\u00fccklich f\u00fcr alle Zeit\". Ihr werdet staunen, wie m\u00e4rchenhaft euer Leben ist!<\/p><\/div><\/div><\/div><\/div>                                            <\/div>\n                                        <\/div>\n                                    <\/div>\n\t\t\t\t\t\t\t\t\t                        <\/div>\n\n                    <\/div>\n                <\/div>\n\t\t\t\t                <div  class=\"wppb-row-parent  wppb-row-1742215482283 \"  >\n\t\t\t\t\t\n\t\t\t\t\t\t\t\t\t\t\n\t\t\t\t\t\t\t\t\t\t\n\t\t\t\t\t<div class=\"wppb-container \">\n\t\t\t\t\t\t\t\t\t\t\t\t\t\n                        <div class=\"wppb-row\">\n\t\t\t\t\t\t\t                                    <div  class=\"wppb-column-parent wppb-column-parent-view wppb-col-1742215482281  \"  >\n                                        <div class=\"wppb-column\">\n\t\t\t\t\t\n\t\t\t\t\t\t\t\t\t\t\t\n                                            <div class=\"wppb-builder-addons\">\n\t\t\t\t\t\t\t\t\t\t\t\t<div class='wppb-builder-addon wppb-addon-1742215752719'  data-addon-id='1742215752719'><div class='wppb-addon'><div class=\"wppb-text-block-addon\"><div class=\"wppb-text-block-content 0\"><h3>Ihr k\u00f6nnt euch nicht viel drunter vorstellen?<\/h3><p>Das kann ich verstehen, das gibt\u00b4s ja auch noch nirgends!<\/p><p>Demn\u00e4chst wird hier ein kurzes Video erscheinen, das euch einen kleinen Eindruck vermittelt.<\/p><p>Bitte noch um etwas Geduld!<\/p><\/div><\/div><\/div><\/div>                                            <\/div>\n                                        <\/div>\n                                    <\/div>\n\t\t\t\t\t\t\t\t\t                                    <div  class=\"wppb-column-parent wppb-column-parent-view wppb-col-1742215482282  \"  >\n                                        <div class=\"wppb-column\">\n\t\t\t\t\t\n\t\t\t\t\t\t\t\t\t\t\t\n                                            <div class=\"wppb-builder-addons\">\n\t\t\t\t\t\t\t\t\t\t\t\t<div class='wppb-builder-addon wppb-addon-1742215827116'  data-addon-id='1742215827116'><div class='wppb-addon'><div class=\"wppb-image-addon\"><figure class=\"wppb-image-addon-content-wrap\"><div class=\"wppb-image-addon-content wppb-imginlineblock\"><img decoding=\"async\" class=\"wppb-image-addon-img\" src=\"https:\/\/www.barbarabeinsteiner.at\/wp-content\/uploads\/2024\/07\/P1560168-84-scaled.jpg\" alt=\"Image\"><\/div><figcaption class=\"wppb-addon-image-caption\">...einstweilen ein Foto...<\/figcaption><\/figure><\/div><\/div><\/div>                                            <\/div>\n                                        <\/div>\n                                    <\/div>\n\t\t\t\t\t\t\t\t\t                        <\/div>\n\n                    <\/div>\n                <\/div>\n\t\t\t\t                <div  class=\"wppb-row-parent  wppb-row-1742215482813 \"  >\n\t\t\t\t\t\n\t\t\t\t\t\t\t\t\t\t\n\t\t\t\t\t\t\t\t\t\t\n\t\t\t\t\t<div class=\"wppb-container \">\n\t\t\t\t\t\t\t\t\t\t\t\t\t\n                        <div class=\"wppb-row\">\n\t\t\t\t\t\t\t                                    <div  class=\"wppb-column-parent wppb-column-parent-view wppb-col-1742215482812  \"  >\n                                        <div class=\"wppb-column\">\n\t\t\t\t\t\n\t\t\t\t\t\t\t\t\t\t\t\n                                            <div class=\"wppb-builder-addons\">\n\t\t\t\t\t\t\t\t\t\t\t\t<div class='wppb-builder-addon wppb-addon-1742215930588'  data-addon-id='1742215930588'><div class='wppb-addon'><div class=\"wppb-text-block-addon\"><div class=\"wppb-text-block-content 0\"><h3>Wenn Ihr eure ganz pers\u00f6nliche Paargeschichte als M\u00e4rchen bei mir bucht, bekommt ihr:<\/h3><ul><li>ein gemeinsames Vorgespr\u00e4ch von ca. 1 Stunde, live oder online<\/li><li>jeweils ein einzelnes Gespr\u00e4ch von ca. 20 min mit jeder der beiden Personen<\/li><li>die live-Erz\u00e4hlung bei der Hochzeit<\/li><li>eine wundersch\u00f6ne schriftliche Fassung der Geschichte<\/li><li>auf Wunsch ein Video, gefilmt von Marvin Smith, der auf Hochzeitsfilme spezialisiert ist. Besucht ihn doch mal hier: <span style=\"color: #000000\"><a style=\"color: #000000\" href=\"https:\/\/www.sinnesrausch.tirol\/\">https:\/\/www.sinnesrausch.tirol\/<\/a><\/span><\/li><li>Ob ihr weiblich, m\u00e4nnlich, divers, hetero oder homo seid: ALLES WILLKOMMEN!<\/li><\/ul><\/div><\/div><\/div><\/div>                                            <\/div>\n                                        <\/div>\n                                    <\/div>\n\t\t\t\t\t\t\t\t\t                        <\/div>\n\n                    <\/div>\n                <\/div>\n\t\t\t\t<\/div>","protected":false},"excerpt":{"rendered":"<p>Ihr wollt heiraten und damit Eure einzigartige Paargeschichte feiern?Ich freue mich mit euch und erz\u00e4hle gerne euch und euren G\u00e4sten bei eurer Hochzeit eure Geschichte als romantisches M\u00e4rchen.Von &#8222;Es war einmal&#8220; bis zu &#8222;&#8230;fortan leben sie gl\u00fccklich f\u00fcr alle Zeit&#8220;. Ihr werdet staunen, wie m\u00e4rchenhaft euer Leben ist! Ihr k\u00f6nnt euch nicht viel drunter vorstellen?Das [&hellip;]<\/p>\n","protected":false},"author":1,"featured_media":0,"parent":0,"menu_order":0,"comment_status":"closed","ping_status":"closed","template":"","meta":{"footnotes":""},"class_list":["post-782","page","type-page","status-publish","hentry"],"aioseo_notices":[],"_links":{"self":[{"href":"https:\/\/www.barbarabeinsteiner.at\/index.php\/wp-json\/wp\/v2\/pages\/782","targetHints":{"allow":["GET"]}}],"collection":[{"href":"https:\/\/www.barbarabeinsteiner.at\/index.php\/wp-json\/wp\/v2\/pages"}],"about":[{"href":"https:\/\/www.barbarabeinsteiner.at\/index.php\/wp-json\/wp\/v2\/types\/page"}],"author":[{"embeddable":true,"href":"https:\/\/www.barbarabeinsteiner.at\/index.php\/wp-json\/wp\/v2\/users\/1"}],"replies":[{"embeddable":true,"href":"https:\/\/www.barbarabeinsteiner.at\/index.php\/wp-json\/wp\/v2\/comments?post=782"}],"version-history":[{"count":1,"href":"https:\/\/www.barbarabeinsteiner.at\/index.php\/wp-json\/wp\/v2\/pages\/782\/revisions"}],"predecessor-version":[{"id":784,"href":"https:\/\/www.barbarabeinsteiner.at\/index.php\/wp-json\/wp\/v2\/pages\/782\/revisions\/784"}],"wp:attachment":[{"href":"https:\/\/www.barbarabeinsteiner.at\/index.php\/wp-json\/wp\/v2\/media?parent=782"}],"curies":[{"name":"wp","href":"https:\/\/api.w.org\/{rel}","templated":true}]}}